{"id":625,"date":"2017-11-28T09:57:54","date_gmt":"2017-11-28T08:57:54","guid":{"rendered":"http:\/\/rol.e-acx.it\/gimsi\/?page_id=625"},"modified":"2017-11-28T09:57:54","modified_gmt":"2017-11-28T08:57:54","slug":"congresso-gimsi-2015","status":"publish","type":"page","link":"https:\/\/www.gimsi.it\/en\/congresso-gimsi-2015\/","title":{"rendered":"Congresso GIMSI 2015"},"content":{"rendered":"<p style=\"text-align: center;\"><strong>Congresso GIMSI 2015: Il GIMSI si allarga alla Medicina d\u2019Urgenza ed alla Psicologia Clinica. Consegnati i primi 100 Certificati di \u201cCompetence\u201d di base sulla sincope<\/strong><\/p>\n<p style=\"font-weight: 400;\">Il 5 e 6 Febbraio si \u00e8 svolto il 7\u00b0 Congresso Nazionale della Associazione GIMSI (Gruppo Italiano Multidisciplinare per lo studio della Sincope), presieduta dal Prof. Giulio Masotti, Professore Emerito della Universit\u00e0 degli Studi di Firenze. Si tratta di un\u2019iniziativa tutta Italiana, nata nel 2002 da un gruppo di medici provenienti dalle principali Societ\u00e0 Italiane interessate all\u2019argomento (cardiologi, geriatri, internisti, medici di urgenza e neurologi), che hanno dato vita al GIMSI per approfondire la diagnosi e la cura delle transitorie perdite di coscienza (un sintomo molto frequente e spesso causa di accesso al Pronto Soccorso e che puo\u2019 essere benigno ma anche legato a gravi condizioni patologiche a prognosi sfavorevole)<\/p>\n<p style=\"font-weight: 400;\">Quest\u2019anno il GIMSI ha presentato alcune importanti novit\u00e0. IL GIMSI infatti ha aumentato le sue collaborazioni ed il Congresso \u00e8 stato organizzato insieme ad AcEMC (Academy of Emergency Medicine and Care) e con il Dipartimento di Psicologia dell\u2019Universit\u00e0 Cattolica di Milano, che ha ospitato il Congresso nella prestigiosa Aula Magna della Facolt\u00e0.<\/p>\n<p style=\"font-weight: 400;\">Durante il congresso sono state sviscerati tutti i problemi relativi alla Sincope ed alle Transitorie perdite di coscienza, alla luce delle pi\u00f9 recenti acquisizioni della Letteratura, in particolare con sessioni di Contempo relative agli ultimi due anni. Oltre a questo si \u00e8 svolta una sessione in collaborazione con il Dipartimento di Psicologia, che ha affrontato la problematica delle pseudosincopi funzionali, con importanti risvolti pratici e clinici emersi dal confronto tra le diverse discipline.<\/p>\n<p style=\"font-weight: 400;\">Oltre a questo il giorno prima del Congresso si \u00e8 svolto il Corso di Competence sulla sincope organizzato dal GIMSI. Il corso di Competence, che si \u00e8 gi\u00e0 svolto in alcune sedi italiane, ha lo scopo di formare medici di diverse discipline sulla Sincope, attraverso un programma standardizzato e preparato dal Consiglio Direttivo del GIMSI. Il corso, limitato a 20 partecipanti, ha ottenuto un notevole successo di partecipazione, tanto che si sono svolti due corsi contemporanei e molti medici sono ancora in lista di attesa per i prossimi eventi. Un Diploma ufficiale GIMSI \u00e8 stato consegnato a tutti i i medici (114) che hanno partecipato ai corsi di Competence nell\u2019ultimo anno (Foto).<\/p>\n<p style=\"font-weight: 400;\">Il Congresso ha inoltre ospitato, come Ospite d\u2019onore, la professoressa Rose Anne Kenny, dell\u2019Universit\u00e0 degli Studi di Dublino, per presentare in anteprima il documento mondiale sulle Syncope Unit della Societ\u00e0 Europea di Aritmologia (EHRA), di prossima pubblicazione su Europace.<\/p>\n<p style=\"font-weight: 400;\">Prosegue anche la certificazione delle Syncope Unit GIMSI. Ne sono state certificate altre 11, mentre hanno perso i criteri di certificazione altre 11 syncope unit che non avevano pi\u00f9 i requisiti necessari alla verifica biennale condotta dal GIMSI.<\/p>\n<p style=\"font-weight: 400;\">In ultimo, ma non certo per importanza, sono stati presentati in anteprima i risultati dello studio SUP-2 (Syncope Unit Project 2), condotto dal GIMSI in questi due anni e di prossima pubblicazione sull\u2019European Heart Journal. Il lavoro, i risultati e l\u2019ottimo livello di pubblicazione sono un orgoglio per la ricerca italiana e per il GIMSI, che ha sponsorizzato e condotto l\u2019evento.<\/p>\n\r\n\t\t<style type='text\/css'>\r\n\t\t\t#gallery-1 {\r\n\t\t\t\tmargin: auto;\r\n\t\t\t}\r\n\t\t\t#gallery-1 .gallery-item {\r\n\t\t\t\tfloat: left;\r\n\t\t\t\tmargin-top: 10px;\r\n\t\t\t\ttext-align: center;\r\n\t\t\t\twidth: 20%;\r\n\t\t\t}\r\n\t\t\t#gallery-1 img {\r\n\t\t\t\tborder: 2px solid #cfcfcf;\r\n\t\t\t}\r\n\t\t\t#gallery-1 .gallery-caption {\r\n\t\t\t\tmargin-left: 0;\r\n\t\t\t}\r\n\t\t\t\/* see gallery_shortcode() in wp-includes\/media.php *\/\r\n\t\t<\/style>\n\t\t<div id='gallery-1' class='gallery galleryid-625 gallery-columns-5 gallery-size-thumbnail'><dl class='gallery-item'>\r\n\t\t\t<dt class='gallery-icon landscape'>\r\n\t\t\t\t<a href='https:\/\/www.gimsi.it\/wp-content\/uploads\/2017\/11\/1.jpg'><img width=\"150\" height=\"150\" src=\"https:\/\/www.gimsi.it\/wp-content\/uploads\/2017\/11\/1-150x150.jpg\" class=\"attachment-thumbnail size-thumbnail\" alt=\"\" decoding=\"async\" loading=\"lazy\" srcset=\"https:\/\/www.gimsi.it\/wp-content\/uploads\/2017\/11\/1-150x150.jpg 150w, https:\/\/www.gimsi.it\/wp-content\/uploads\/2017\/11\/1-60x60.jpg 60w\" sizes=\"(max-width: 150px) 100vw, 150px\" \/><\/a>\r\n\t\t\t<\/dt><\/dl><dl class='gallery-item'>\r\n\t\t\t<dt class='gallery-icon landscape'>\r\n\t\t\t\t<a href='https:\/\/www.gimsi.it\/wp-content\/uploads\/2017\/11\/2.jpg'><img width=\"150\" height=\"150\" src=\"https:\/\/www.gimsi.it\/wp-content\/uploads\/2017\/11\/2-150x150.jpg\" class=\"attachment-thumbnail size-thumbnail\" alt=\"\" decoding=\"async\" loading=\"lazy\" srcset=\"https:\/\/www.gimsi.it\/wp-content\/uploads\/2017\/11\/2-150x150.jpg 150w, https:\/\/www.gimsi.it\/wp-content\/uploads\/2017\/11\/2-60x60.jpg 60w\" sizes=\"(max-width: 150px) 100vw, 150px\" \/><\/a>\r\n\t\t\t<\/dt><\/dl><dl class='gallery-item'>\r\n\t\t\t<dt class='gallery-icon landscape'>\r\n\t\t\t\t<a href='https:\/\/www.gimsi.it\/wp-content\/uploads\/2017\/11\/3.jpg'><img width=\"150\" height=\"150\" src=\"https:\/\/www.gimsi.it\/wp-content\/uploads\/2017\/11\/3-150x150.jpg\" class=\"attachment-thumbnail size-thumbnail\" alt=\"\" decoding=\"async\" loading=\"lazy\" srcset=\"https:\/\/www.gimsi.it\/wp-content\/uploads\/2017\/11\/3-150x150.jpg 150w, https:\/\/www.gimsi.it\/wp-content\/uploads\/2017\/11\/3-60x60.jpg 60w\" sizes=\"(max-width: 150px) 100vw, 150px\" \/><\/a>\r\n\t\t\t<\/dt><\/dl><dl class='gallery-item'>\r\n\t\t\t<dt class='gallery-icon landscape'>\r\n\t\t\t\t<a href='https:\/\/www.gimsi.it\/wp-content\/uploads\/2017\/11\/4.jpg'><img width=\"150\" height=\"150\" src=\"https:\/\/www.gimsi.it\/wp-content\/uploads\/2017\/11\/4-150x150.jpg\" class=\"attachment-thumbnail size-thumbnail\" alt=\"\" decoding=\"async\" loading=\"lazy\" srcset=\"https:\/\/www.gimsi.it\/wp-content\/uploads\/2017\/11\/4-150x150.jpg 150w, https:\/\/www.gimsi.it\/wp-content\/uploads\/2017\/11\/4-60x60.jpg 60w\" sizes=\"(max-width: 150px) 100vw, 150px\" \/><\/a>\r\n\t\t\t<\/dt><\/dl><dl class='gallery-item'>\r\n\t\t\t<dt class='gallery-icon landscape'>\r\n\t\t\t\t<a href='https:\/\/www.gimsi.it\/wp-content\/uploads\/2017\/11\/5.jpg'><img width=\"150\" height=\"150\" src=\"https:\/\/www.gimsi.it\/wp-content\/uploads\/2017\/11\/5-150x150.jpg\" class=\"attachment-thumbnail size-thumbnail\" alt=\"\" decoding=\"async\" loading=\"lazy\" srcset=\"https:\/\/www.gimsi.it\/wp-content\/uploads\/2017\/11\/5-150x150.jpg 150w, https:\/\/www.gimsi.it\/wp-content\/uploads\/2017\/11\/5-60x60.jpg 60w\" sizes=\"(max-width: 150px) 100vw, 150px\" \/><\/a>\r\n\t\t\t<\/dt><\/dl><br style=\"clear: both\" \/><dl class='gallery-item'>\r\n\t\t\t<dt class='gallery-icon landscape'>\r\n\t\t\t\t<a href='https:\/\/www.gimsi.it\/wp-content\/uploads\/2017\/11\/6.jpg'><img width=\"150\" height=\"150\" src=\"https:\/\/www.gimsi.it\/wp-content\/uploads\/2017\/11\/6-150x150.jpg\" class=\"attachment-thumbnail size-thumbnail\" alt=\"\" decoding=\"async\" loading=\"lazy\" srcset=\"https:\/\/www.gimsi.it\/wp-content\/uploads\/2017\/11\/6-150x150.jpg 150w, https:\/\/www.gimsi.it\/wp-content\/uploads\/2017\/11\/6-60x60.jpg 60w\" sizes=\"(max-width: 150px) 100vw, 150px\" \/><\/a>\r\n\t\t\t<\/dt><\/dl><dl class='gallery-item'>\r\n\t\t\t<dt class='gallery-icon landscape'>\r\n\t\t\t\t<a href='https:\/\/www.gimsi.it\/wp-content\/uploads\/2017\/11\/7.jpg'><img width=\"150\" height=\"150\" src=\"https:\/\/www.gimsi.it\/wp-content\/uploads\/2017\/11\/7-150x150.jpg\" class=\"attachment-thumbnail size-thumbnail\" alt=\"\" decoding=\"async\" loading=\"lazy\" srcset=\"https:\/\/www.gimsi.it\/wp-content\/uploads\/2017\/11\/7-150x150.jpg 150w, https:\/\/www.gimsi.it\/wp-content\/uploads\/2017\/11\/7-60x60.jpg 60w\" sizes=\"(max-width: 150px) 100vw, 150px\" \/><\/a>\r\n\t\t\t<\/dt><\/dl><dl class='gallery-item'>\r\n\t\t\t<dt class='gallery-icon landscape'>\r\n\t\t\t\t<a href='https:\/\/www.gimsi.it\/wp-content\/uploads\/2017\/11\/8.jpg'><img width=\"150\" height=\"150\" src=\"https:\/\/www.gimsi.it\/wp-content\/uploads\/2017\/11\/8-150x150.jpg\" class=\"attachment-thumbnail size-thumbnail\" alt=\"\" decoding=\"async\" loading=\"lazy\" srcset=\"https:\/\/www.gimsi.it\/wp-content\/uploads\/2017\/11\/8-150x150.jpg 150w, https:\/\/www.gimsi.it\/wp-content\/uploads\/2017\/11\/8-60x60.jpg 60w\" sizes=\"(max-width: 150px) 100vw, 150px\" \/><\/a>\r\n\t\t\t<\/dt><\/dl><dl class='gallery-item'>\r\n\t\t\t<dt class='gallery-icon landscape'>\r\n\t\t\t\t<a href='https:\/\/www.gimsi.it\/wp-content\/uploads\/2017\/11\/9.jpg'><img width=\"150\" height=\"150\" src=\"https:\/\/www.gimsi.it\/wp-content\/uploads\/2017\/11\/9-150x150.jpg\" class=\"attachment-thumbnail size-thumbnail\" alt=\"\" decoding=\"async\" loading=\"lazy\" srcset=\"https:\/\/www.gimsi.it\/wp-content\/uploads\/2017\/11\/9-150x150.jpg 150w, https:\/\/www.gimsi.it\/wp-content\/uploads\/2017\/11\/9-60x60.jpg 60w\" sizes=\"(max-width: 150px) 100vw, 150px\" \/><\/a>\r\n\t\t\t<\/dt><\/dl><dl class='gallery-item'>\r\n\t\t\t<dt class='gallery-icon landscape'>\r\n\t\t\t\t<a href='https:\/\/www.gimsi.it\/wp-content\/uploads\/2017\/11\/10.jpg'><img width=\"150\" height=\"150\" src=\"https:\/\/www.gimsi.it\/wp-content\/uploads\/2017\/11\/10-150x150.jpg\" class=\"attachment-thumbnail size-thumbnail\" alt=\"\" decoding=\"async\" loading=\"lazy\" srcset=\"https:\/\/www.gimsi.it\/wp-content\/uploads\/2017\/11\/10-150x150.jpg 150w, https:\/\/www.gimsi.it\/wp-content\/uploads\/2017\/11\/10-60x60.jpg 60w\" sizes=\"(max-width: 150px) 100vw, 150px\" \/><\/a>\r\n\t\t\t<\/dt><\/dl><br style=\"clear: both\" \/><dl class='gallery-item'>\r\n\t\t\t<dt class='gallery-icon landscape'>\r\n\t\t\t\t<a href='https:\/\/www.gimsi.it\/wp-content\/uploads\/2017\/11\/11.jpg'><img width=\"150\" height=\"150\" src=\"https:\/\/www.gimsi.it\/wp-content\/uploads\/2017\/11\/11-150x150.jpg\" class=\"attachment-thumbnail size-thumbnail\" alt=\"\" decoding=\"async\" loading=\"lazy\" srcset=\"https:\/\/www.gimsi.it\/wp-content\/uploads\/2017\/11\/11-150x150.jpg 150w, https:\/\/www.gimsi.it\/wp-content\/uploads\/2017\/11\/11-60x60.jpg 60w\" sizes=\"(max-width: 150px) 100vw, 150px\" \/><\/a>\r\n\t\t\t<\/dt><\/dl><dl class='gallery-item'>\r\n\t\t\t<dt class='gallery-icon landscape'>\r\n\t\t\t\t<a href='https:\/\/www.gimsi.it\/wp-content\/uploads\/2017\/11\/12.jpg'><img width=\"150\" height=\"150\" src=\"https:\/\/www.gimsi.it\/wp-content\/uploads\/2017\/11\/12-150x150.jpg\" class=\"attachment-thumbnail size-thumbnail\" alt=\"\" decoding=\"async\" loading=\"lazy\" srcset=\"https:\/\/www.gimsi.it\/wp-content\/uploads\/2017\/11\/12-150x150.jpg 150w, https:\/\/www.gimsi.it\/wp-content\/uploads\/2017\/11\/12-60x60.jpg 60w\" sizes=\"(max-width: 150px) 100vw, 150px\" \/><\/a>\r\n\t\t\t<\/dt><\/dl><dl class='gallery-item'>\r\n\t\t\t<dt class='gallery-icon landscape'>\r\n\t\t\t\t<a href='https:\/\/www.gimsi.it\/wp-content\/uploads\/2017\/11\/13.jpg'><img width=\"150\" height=\"150\" src=\"https:\/\/www.gimsi.it\/wp-content\/uploads\/2017\/11\/13-150x150.jpg\" class=\"attachment-thumbnail size-thumbnail\" alt=\"\" decoding=\"async\" loading=\"lazy\" srcset=\"https:\/\/www.gimsi.it\/wp-content\/uploads\/2017\/11\/13-150x150.jpg 150w, https:\/\/www.gimsi.it\/wp-content\/uploads\/2017\/11\/13-60x60.jpg 60w\" sizes=\"(max-width: 150px) 100vw, 150px\" \/><\/a>\r\n\t\t\t<\/dt><\/dl><br style=\"clear: both\" \/><\/div>\n\n<h2><a href=\"http:\/\/www.gimsi.it\/atti-congressuali-2015\/\" target=\"_self\"><strong>Scarica gli atti del Congresso Sincope 2015<\/strong><\/a><\/h2>\n","protected":false},"excerpt":{"rendered":"<p>Congresso GIMSI 2015: Il GIMSI si allarga alla Medicina d\u2019Urgenza ed alla Psicologia Clinica. Consegnati i primi 100 Certificati di \u201cCompetence\u201d di base sulla sincope Il 5 e 6 Febbraio si \u00e8 svolto il 7\u00b0 Congresso Nazionale della Associazione GIMSI (Gruppo Italiano Multidisciplinare per lo studio della Sincope), presieduta dal Prof. Giulio Masotti, Professore Emerito [&hellip;]<\/p>\n","protected":false},"author":1,"featured_media":0,"parent":0,"menu_order":0,"comment_status":"closed","ping_status":"closed","template":"","meta":[],"yoast_head":"<!-- This site is optimized with the Yoast SEO plugin v16.8 - https:\/\/yoast.com\/wordpress\/plugins\/seo\/ -->\n<title>Congresso GIMSI 2015 | Gruppo Italiano Multidisciplinare SIncope (GIMSI)<\/title>\n<meta name=\"robots\" content=\"index, follow, max-snippet:-1, max-image-preview:large, max-video-preview:-1\" \/>\n<link rel=\"canonical\" href=\"https:\/\/www.gimsi.it\/en\/congresso-gimsi-2015\/\" \/>\n<meta property=\"og:locale\" content=\"en_US\" \/>\n<meta property=\"og:type\" content=\"article\" \/>\n<meta property=\"og:title\" content=\"Congresso GIMSI 2015 | Gruppo Italiano Multidisciplinare SIncope (GIMSI)\" \/>\n<meta property=\"og:description\" content=\"Congresso GIMSI 2015: Il GIMSI si allarga alla Medicina d\u2019Urgenza ed alla Psicologia Clinica. Consegnati i primi 100 Certificati di \u201cCompetence\u201d di base sulla sincope Il 5 e 6 Febbraio si \u00e8 svolto il 7\u00b0 Congresso Nazionale della Associazione GIMSI (Gruppo Italiano Multidisciplinare per lo studio della Sincope), presieduta dal Prof. Giulio Masotti, Professore Emerito [&hellip;]\" \/>\n<meta property=\"og:url\" content=\"https:\/\/www.gimsi.it\/en\/congresso-gimsi-2015\/\" \/>\n<meta property=\"og:site_name\" content=\"Gruppo Italiano Multidisciplinare SIncope (GIMSI)\" \/>\n<meta property=\"og:image\" content=\"https:\/\/www.gimsi.it\/wp-content\/uploads\/2017\/11\/1-150x150.jpg\" \/>\n<meta name=\"twitter:card\" content=\"summary_large_image\" \/>\n<meta name=\"twitter:label1\" content=\"Est. reading time\" \/>\n\t<meta name=\"twitter:data1\" content=\"3 minutes\" \/>\n<script type=\"application\/ld+json\" class=\"yoast-schema-graph\">{\"@context\":\"https:\/\/schema.org\",\"@graph\":[{\"@type\":\"Organization\",\"@id\":\"https:\/\/www.gimsi.it\/#organization\",\"name\":\"Gimsi\",\"url\":\"https:\/\/www.gimsi.it\/\",\"sameAs\":[],\"logo\":{\"@type\":\"ImageObject\",\"@id\":\"https:\/\/www.gimsi.it\/#logo\",\"inLanguage\":\"en-US\",\"url\":\"https:\/\/www.gimsi.it\/wp-content\/uploads\/2017\/11\/banner2.png\",\"contentUrl\":\"https:\/\/www.gimsi.it\/wp-content\/uploads\/2017\/11\/banner2.png\",\"width\":1000,\"height\":150,\"caption\":\"Gimsi\"},\"image\":{\"@id\":\"https:\/\/www.gimsi.it\/#logo\"}},{\"@type\":\"WebSite\",\"@id\":\"https:\/\/www.gimsi.it\/#website\",\"url\":\"https:\/\/www.gimsi.it\/\",\"name\":\"Gruppo Italiano Multidisciplinare SIncope (GIMSI)\",\"description\":\"Gruppo Italiano Multidisciplinare per lo Studio della Sincope\",\"publisher\":{\"@id\":\"https:\/\/www.gimsi.it\/#organization\"},\"potentialAction\":[{\"@type\":\"SearchAction\",\"target\":{\"@type\":\"EntryPoint\",\"urlTemplate\":\"https:\/\/www.gimsi.it\/?s={search_term_string}\"},\"query-input\":\"required name=search_term_string\"}],\"inLanguage\":\"en-US\"},{\"@type\":\"WebPage\",\"@id\":\"https:\/\/www.gimsi.it\/en\/congresso-gimsi-2015\/#webpage\",\"url\":\"https:\/\/www.gimsi.it\/en\/congresso-gimsi-2015\/\",\"name\":\"Congresso GIMSI 2015 | Gruppo Italiano Multidisciplinare SIncope (GIMSI)\",\"isPartOf\":{\"@id\":\"https:\/\/www.gimsi.it\/#website\"},\"datePublished\":\"2017-11-28T08:57:54+00:00\",\"dateModified\":\"2017-11-28T08:57:54+00:00\",\"breadcrumb\":{\"@id\":\"https:\/\/www.gimsi.it\/en\/congresso-gimsi-2015\/#breadcrumb\"},\"inLanguage\":\"en-US\",\"potentialAction\":[{\"@type\":\"ReadAction\",\"target\":[\"https:\/\/www.gimsi.it\/en\/congresso-gimsi-2015\/\"]}]},{\"@type\":\"BreadcrumbList\",\"@id\":\"https:\/\/www.gimsi.it\/en\/congresso-gimsi-2015\/#breadcrumb\",\"itemListElement\":[{\"@type\":\"ListItem\",\"position\":1,\"name\":\"Home\",\"item\":\"https:\/\/www.gimsi.it\/\"},{\"@type\":\"ListItem\",\"position\":2,\"name\":\"Congresso GIMSI 2015\"}]}]}<\/script>\n<!-- \/ Yoast SEO plugin. -->","yoast_head_json":{"title":"Congresso GIMSI 2015 | Gruppo Italiano Multidisciplinare SIncope (GIMSI)","robots":{"index":"index","follow":"follow","max-snippet":"max-snippet:-1","max-image-preview":"max-image-preview:large","max-video-preview":"max-video-preview:-1"},"canonical":"https:\/\/www.gimsi.it\/en\/congresso-gimsi-2015\/","og_locale":"en_US","og_type":"article","og_title":"Congresso GIMSI 2015 | Gruppo Italiano Multidisciplinare SIncope (GIMSI)","og_description":"Congresso GIMSI 2015: Il GIMSI si allarga alla Medicina d\u2019Urgenza ed alla Psicologia Clinica. Consegnati i primi 100 Certificati di \u201cCompetence\u201d di base sulla sincope Il 5 e 6 Febbraio si \u00e8 svolto il 7\u00b0 Congresso Nazionale della Associazione GIMSI (Gruppo Italiano Multidisciplinare per lo studio della Sincope), presieduta dal Prof. Giulio Masotti, Professore Emerito [&hellip;]","og_url":"https:\/\/www.gimsi.it\/en\/congresso-gimsi-2015\/","og_site_name":"Gruppo Italiano Multidisciplinare SIncope (GIMSI)","og_image":[{"url":"https:\/\/www.gimsi.it\/wp-content\/uploads\/2017\/11\/1-150x150.jpg"}],"twitter_card":"summary_large_image","twitter_misc":{"Est. reading time":"3 minutes"},"schema":{"@context":"https:\/\/schema.org","@graph":[{"@type":"Organization","@id":"https:\/\/www.gimsi.it\/#organization","name":"Gimsi","url":"https:\/\/www.gimsi.it\/","sameAs":[],"logo":{"@type":"ImageObject","@id":"https:\/\/www.gimsi.it\/#logo","inLanguage":"en-US","url":"https:\/\/www.gimsi.it\/wp-content\/uploads\/2017\/11\/banner2.png","contentUrl":"https:\/\/www.gimsi.it\/wp-content\/uploads\/2017\/11\/banner2.png","width":1000,"height":150,"caption":"Gimsi"},"image":{"@id":"https:\/\/www.gimsi.it\/#logo"}},{"@type":"WebSite","@id":"https:\/\/www.gimsi.it\/#website","url":"https:\/\/www.gimsi.it\/","name":"Gruppo Italiano Multidisciplinare SIncope (GIMSI)","description":"Gruppo Italiano Multidisciplinare per lo Studio della Sincope","publisher":{"@id":"https:\/\/www.gimsi.it\/#organization"},"potentialAction":[{"@type":"SearchAction","target":{"@type":"EntryPoint","urlTemplate":"https:\/\/www.gimsi.it\/?s={search_term_string}"},"query-input":"required name=search_term_string"}],"inLanguage":"en-US"},{"@type":"WebPage","@id":"https:\/\/www.gimsi.it\/en\/congresso-gimsi-2015\/#webpage","url":"https:\/\/www.gimsi.it\/en\/congresso-gimsi-2015\/","name":"Congresso GIMSI 2015 | Gruppo Italiano Multidisciplinare SIncope (GIMSI)","isPartOf":{"@id":"https:\/\/www.gimsi.it\/#website"},"datePublished":"2017-11-28T08:57:54+00:00","dateModified":"2017-11-28T08:57:54+00:00","breadcrumb":{"@id":"https:\/\/www.gimsi.it\/en\/congresso-gimsi-2015\/#breadcrumb"},"inLanguage":"en-US","potentialAction":[{"@type":"ReadAction","target":["https:\/\/www.gimsi.it\/en\/congresso-gimsi-2015\/"]}]},{"@type":"BreadcrumbList","@id":"https:\/\/www.gimsi.it\/en\/congresso-gimsi-2015\/#breadcrumb","itemListElement":[{"@type":"ListItem","position":1,"name":"Home","item":"https:\/\/www.gimsi.it\/"},{"@type":"ListItem","position":2,"name":"Congresso GIMSI 2015"}]}]}},"_links":{"self":[{"href":"https:\/\/www.gimsi.it\/en\/wp-json\/wp\/v2\/pages\/625"}],"collection":[{"href":"https:\/\/www.gimsi.it\/en\/wp-json\/wp\/v2\/pages"}],"about":[{"href":"https:\/\/www.gimsi.it\/en\/wp-json\/wp\/v2\/types\/page"}],"author":[{"embeddable":true,"href":"https:\/\/www.gimsi.it\/en\/wp-json\/wp\/v2\/users\/1"}],"replies":[{"embeddable":true,"href":"https:\/\/www.gimsi.it\/en\/wp-json\/wp\/v2\/comments?post=625"}],"version-history":[{"count":0,"href":"https:\/\/www.gimsi.it\/en\/wp-json\/wp\/v2\/pages\/625\/revisions"}],"wp:attachment":[{"href":"https:\/\/www.gimsi.it\/en\/wp-json\/wp\/v2\/media?parent=625"}],"curies":[{"name":"wp","href":"https:\/\/api.w.org\/{rel}","templated":true}]}}