{"id":269,"date":"2006-10-11T09:12:55","date_gmt":"2006-10-11T07:12:55","guid":{"rendered":"http:\/\/rol.e-acx.it\/gimsi\/bologna2011\/"},"modified":"2017-11-13T12:20:06","modified_gmt":"2017-11-13T11:20:06","slug":"bologna2011","status":"publish","type":"page","link":"https:\/\/www.gimsi.it\/en\/bologna2011\/","title":{"rendered":"Bologna 2011"},"content":{"rendered":"<\/p>\n<p class=\"MsoNormal\" style=\"text-align: center;\"><strong><span style=\"font-size: 12pt; line-height: 115{3c75ce3316b0bf514f7cc4c8a53933c6f0a8fa56b1370528069f52ff255d57f1};\">Come e perch\u00e9 organizzare una &#8220;Syncope Unit&#8221; nel tuo ospedale. <\/span><\/strong><\/p>\n<p class=\"MsoNormal\" style=\"text-align: center;\"><strong><span style=\"font-size: 12pt; line-height: 115{3c75ce3316b0bf514f7cc4c8a53933c6f0a8fa56b1370528069f52ff255d57f1};\">Notizie dal 5\u00b0 Congresso GIMSI di Bologna<\/span><\/strong><span style=\"font-size: 12pt; line-height: 115{3c75ce3316b0bf514f7cc4c8a53933c6f0a8fa56b1370528069f52ff255d57f1};\"> <\/span><\/p>\n<p class=\"MsoNormal\" style=\"text-align: center;\"><strong>Michele Brignole e Andrea Ungar<\/strong><\/p>\n<p style=\"text-align: left;\">\n<p style=\"text-align: left;\">Si \u00e8 tenuto a Bologna il 10 ed 11 marzo il 5\u00b0 Convegno sulla Sincope, organizzato dal Gruppo Italiano Multidisclinare per lo studio della Sincope (GIMSI) in collaborazione con AIAC, FADOI, SIGG, SIMEU, SIN<span> <\/span>E SIMI in rappresentanza delle diverse specialit\u00e0 mediche presenti (cardiologi, geriatri, internisti, medici d&#8217;urgenza, medici di medicina generale e medici specializzandi). <span> <\/span>Il congresso ha coinvolto 320 partecipanti (medici ed infermieri, figura 1) che si sono confrontati sui temi di attualit\u00e0 della sincope e soprattutto sulle nuove modalit\u00e0 organizzative per affrontare la sincope in ospedale.<span> <\/span>Nel corso della cerimonia inaugurale, il Presidente del GIMSI, Prof. Giulio Masotti, ha <strong>certificato 26 nuove Syncpe Unit (figura 2)<\/strong>.<\/p>\n<p class=\"MsoNormal\" style=\"text-align: justify;\">L&#8217;idea delle Syncope Unit nasce con le Linee guida 2004 per la Gestione della Sincope della Societ\u00e0 Europea di Cardiologia. Esse, per la prima volta, <span> <\/span>identificarono i presupposti per creare unit\u00e0 specializzate per la gestione della sincope e ne definirono i requisiti organizzativi e strutturali indispensabili.<\/p>\n<p class=\"MsoNormal\" style=\"text-align: justify;\">Tali raccomandazioni, poi confermate nelle linee guida del 2009, furono recepite in Italia dal GIMSI che inizi\u00f2 un processo di certificazione delle Syncope Unit italiane che ne facevano richiesta.<\/p>\n<p class=\"MsoNormal\" style=\"text-align: justify;\">Tutti documenti necessari per chi fosse interessato ad organizzare una Syncope Unit nel proprio ospedale possono essere trovati nel sito web del gruppo <a href=\"http:\/\/www.gimsi.it\/?p=3\">www.gimsi.it<\/a> <span> <\/span>In tale sito inoltre si possono trovano tutti i piu&#8217; importanti studi clinici che supportano l&#8217;utilit\u00e0 delle Syncope Unit.<\/p>\n<p class=\"MsoNormal\" style=\"text-align: justify;\">In questo articolo ci preme sottolineare alcuni aspetti peculiari e precisamente il ruolo centrale dell&#8217;Esperto Sincope senza il quale nessuna Syncope Unit <span> <\/span>avrebbe<span> <\/span>senso e i principali motivi pratici per cui conviene ottenere la certificazione GIMSI<\/p>\n<p class=\"MsoNormal\"><strong>Il Medico Esperto Sincope<\/strong><\/p>\n<p class=\"MsoNormal\" style=\"text-align: justify;\">La sincope Unit<span> <\/span>non pu\u00f2 esistere Senza un Esperto Sincope.<span> <\/span>Il Medico Esperto Sincope \u00e8 un singolo medico oppure un team di medici che hanno la responsabilit\u00e0 di gestire l&#8217;intero processo di diagnosi e terapia del paziente affetto da sincope dalla stratificazione di rischio iniziale, alla valutazione diagnostica, alla prescrizione terapeutica e al successivo follow-up clinico. Il Medico Esperto Sincope esegue personalmente le visite e i test di laboratorio della valutazione iniziale e gestisce l&#8217;accesso preferenziale che i pazienti con sincope hanno sia per l&#8217;eventuale ricovero che per ogni altro esame diagnostico o terapia necessari. In altre parole, Il Medico Esperto Sincope \u00e8 il medico di &#8220;fiducia&#8221; del paziente per quanto riguarda il problema sincope e ne garantisce la necessaria continuit\u00e0 assistenziale. <span> <\/span>Molti ospedali, anche in assenza di Syncope Unit formalizzata,<span> <\/span>possiedono le strutture e l&#8217;equipaggiamenti necessari per la valutazione del paziente con sincope, ma l&#8217;assenza di un medico che si faccia carico dell&#8217;intero processo risultato<span> <\/span>essere<span> <\/span>il fattore limitante la qualit\u00e0 della valutazione. In ultima analisi \u00e8 Il Medico Esperto che fa la differenza fra gli ospedali dotati di Sincope Unit e quelli sprovvisti.<span> <\/span><\/p>\n<p class=\"MsoNormal\" style=\"text-align: justify;\">Il Medico Esperto Sincope pu\u00f2 avere anche compiti organizzativi dell&#8217;attivit\u00e0 della Syncope Unit, ma quest&#8217;ultima funzione non \u00e8 indispensabile.<\/p>\n<p class=\"MsoNormal\" style=\"text-align: justify;\"><span>Chiunque pu\u00f2 diventare Medico Esperto Sincope, purch\u00e8 accetti di seguire i suddetti criteri. Anche se la maggior parte delle Syncope Unit certificate a tutt&#8217;oggi sono gestite da specialisti in cardiologia, ve ne sono altre gestite da specialisti in geriatria, medicina interna, medicina d&#8217;urgenza, neurologia oppure da un team multidisciplinare (Figura 3)<span> <\/span><\/span><\/p>\n<p class=\"MsoNormal\"><img decoding=\"async\" loading=\"lazy\" class=\" size-full wp-image-266\" src=\"http:\/\/www.gimsi.it\/wp-content\/uploads\/2006\/10\/attachments_figura1.jpg\" border=\"0\" width=\"478\" height=\"359\" style=\"border: 0;\" \/><span> <\/span><\/p>\n<p class=\"MsoNormal\"><span> <\/span><\/p>\n<p class=\"MsoNormal\"><strong><em>6 motivi per ottenere la Certificazione GIMSI: <\/em><\/strong><\/p>\n<p class=\"MsoNormal\" style=\"margin: 0cm 0cm 0.0001pt 35.7pt; text-indent: -17.85pt;\"><span style=\"font-family: Arial;\"><span>\u2022<span style=\"font-family: &quot;Times New Roman&quot;; font-style: normal; font-variant: normal; font-weight: normal; font-size: 7pt; line-height: normal; font-size-adjust: none; font-stretch: normal; -x-system-font: none;\"> <\/span><\/span><\/span><span>Chi \u00e8 certificato segue gli standard proposti dal GIMSI e migliora la qualit\u00e0 dell&#8217;assistenza. <span> <\/span>Lo studio SUP ha confermato che seguire gli standard proposti dal GIMSI fa migliorare la qualit\u00e0 dell&#8217;assistenza<\/span><\/p>\n<p class=\"MsoNormal\" style=\"margin: 0cm 0cm 0.0001pt 35.7pt; text-indent: -17.85pt;\"><span style=\"font-family: Arial;\"><span>\u2022<span style=\"font-family: &quot;Times New Roman&quot;; font-style: normal; font-variant: normal; font-weight: normal; font-size: 7pt; line-height: normal; font-size-adjust: none; font-stretch: normal; -x-system-font: none;\"> <\/span><\/span><\/span>La certificazione attesta che la Tua Syncope Unit ha organizzazione e struttura standardizzata in accordo con le raccomandazioni della Societ\u00e0 Europea di Cardiologia e del GIMSI<\/p>\n<p class=\"MsoNormal\" style=\"margin: 0cm 0cm 0.0001pt 35.7pt; text-indent: -17.85pt;\"><span style=\"font-family: Arial;\"><span>\u2022<span style=\"font-family: &quot;Times New Roman&quot;; font-style: normal; font-variant: normal; font-weight: normal; font-size: 7pt; line-height: normal; font-size-adjust: none; font-stretch: normal; -x-system-font: none;\"> <\/span><\/span><\/span><span> <\/span>D\u00e0 visibilit\u00e0 alla Tua Syncope Unit a livello locale (pazienti, colleghi, ecc)<\/p>\n<p class=\"MsoNormal\" style=\"margin: 0cm 0cm 0.0001pt 35.7pt; text-indent: -17.85pt;\"><span style=\"font-family: Arial;\"><span>\u2022<span style=\"font-family: &quot;Times New Roman&quot;; font-style: normal; font-variant: normal; font-weight: normal; font-size: 7pt; line-height: normal; font-size-adjust: none; font-stretch: normal; -x-system-font: none;\"> <\/span><\/span><\/span><span> <\/span>D\u00e0 visibilit\u00e0 alla Tua Syncope Unit a livello nazionale (sito web GIMSI, organizzazione Corsi GIMSI regionali,<span> <\/span>ecc)<\/p>\n<p class=\"MsoNormal\" style=\"margin: 0cm 0cm 0.0001pt 35.7pt; text-indent: -17.85pt;\"><span style=\"font-family: Arial;\"><span>\u2022<span style=\"font-family: &quot;Times New Roman&quot;; font-style: normal; font-variant: normal; font-weight: normal; font-size: 7pt; line-height: normal; font-size-adjust: none; font-stretch: normal; -x-system-font: none;\"> <\/span><\/span><\/span><span> <\/span>Ti aiuta a tenerti aggiornato sulla gestione del paziente con sincope<\/p>\n<p class=\"MsoNormal\" style=\"margin: 0cm 0cm 0.0001pt 35.7pt; text-indent: -17.85pt;\"><span style=\"font-family: Arial;\"><span>\u2022<span style=\"font-family: &quot;Times New Roman&quot;; font-style: normal; font-variant: normal; font-weight: normal; font-size: 7pt; line-height: normal; font-size-adjust: none; font-stretch: normal; -x-system-font: none;\"> <\/span><\/span><\/span><span> <\/span>Ti d\u00e0 l&#8217;opportunit\u00e0 di partecipare attivamente al Registro GIMSI<\/p>\n<p class=\"MsoNormal\" style=\"margin-left: 36pt;\">\n<p class=\"MsoNormal\"><strong>Conclusione. <\/strong><\/p>\n<p class=\"MsoNormal\"><span>Se pensi che il tuo ospedale ha i requisiti, fai subito domanda di certificazione. Sar\u00e0 valutata e certificata gi\u00e0 nel corso del<span> <\/span>2011 e ti aggiungerai al 47 Syncope Unit certificate a tutt&#8217;oggi in Italia <\/span><\/p>\n<p class=\"MsoNormal\">\n<p class=\"MsoNormal\"><strong><span style=\"font-size: 11pt; line-height: 115{3c75ce3316b0bf514f7cc4c8a53933c6f0a8fa56b1370528069f52ff255d57f1}; font-family: Calibri;\"> <\/span>Figura 1: <\/strong>Partecipanti al congresso Sincope 2011 a Bologna<strong> <\/strong><\/p>\n<p class=\"MsoNormal\"><img decoding=\"async\" loading=\"lazy\" class=\" alignleft size-full wp-image-267\" src=\"http:\/\/www.gimsi.it\/wp-content\/uploads\/2006\/10\/attachments_figura2.JPG\" border=\"0\" hspace=\"12\" width=\"614\" height=\"408\" align=\"left\" style=\"float: left; margin-left: 12px; margin-right: 12px; border: 0;\" \/><strong><br style=\"page-break-before: always;\" \/> <br \/>Figura 2<\/strong>. I responsabili delle 26 Syncope Unit premiati durante la cerimonia inaugurale<\/p>\n<p class=\"MsoNormal\"><img decoding=\"async\" loading=\"lazy\" class=\" alignleft size-full wp-image-268\" src=\"http:\/\/www.gimsi.it\/wp-content\/uploads\/2006\/10\/attachments_figura3.JPG\" border=\"0\" hspace=\"12\" width=\"608\" height=\"408\" align=\"left\" style=\"float: left; margin-left: 12px; margin-right: 12px; border: 0;\" \/><\/p>\n<p style=\"text-align: center; font-size:20px;\"><a href=\"http:\/\/www.gimsi.it\/atti2011\/\" target=\"_self\"><strong><br \/>Scarica gli Atti Congressuali<\/strong><\/a><\/p>\n","protected":false},"excerpt":{"rendered":"<p>Come e perch\u00e9 organizzare una &#8220;Syncope Unit&#8221; nel tuo ospedale. Notizie dal 5\u00b0 Congresso GIMSI di Bologna Michele Brignole e Andrea Ungar Si \u00e8 tenuto a Bologna il 10 ed 11 marzo il 5\u00b0 Convegno sulla Sincope, organizzato dal Gruppo Italiano Multidisclinare per lo studio della Sincope (GIMSI) in collaborazione con AIAC, FADOI, SIGG, SIMEU, [&hellip;]<\/p>\n","protected":false},"author":1,"featured_media":0,"parent":0,"menu_order":16,"comment_status":"closed","ping_status":"closed","template":"","meta":[],"yoast_head":"<!-- This site is optimized with the Yoast SEO plugin v16.8 - https:\/\/yoast.com\/wordpress\/plugins\/seo\/ -->\n<title>Bologna 2011 | Gruppo Italiano Multidisciplinare SIncope (GIMSI)<\/title>\n<meta name=\"robots\" content=\"index, follow, max-snippet:-1, max-image-preview:large, max-video-preview:-1\" \/>\n<link rel=\"canonical\" href=\"https:\/\/www.gimsi.it\/en\/bologna2011\/\" \/>\n<meta property=\"og:locale\" content=\"en_US\" \/>\n<meta property=\"og:type\" content=\"article\" \/>\n<meta property=\"og:title\" content=\"Bologna 2011 | Gruppo Italiano Multidisciplinare SIncope (GIMSI)\" \/>\n<meta property=\"og:description\" content=\"Come e perch\u00e9 organizzare una &#8220;Syncope Unit&#8221; nel tuo ospedale. Notizie dal 5\u00b0 Congresso GIMSI di Bologna Michele Brignole e Andrea Ungar Si \u00e8 tenuto a Bologna il 10 ed 11 marzo il 5\u00b0 Convegno sulla Sincope, organizzato dal Gruppo Italiano Multidisclinare per lo studio della Sincope (GIMSI) in collaborazione con AIAC, FADOI, SIGG, SIMEU, [&hellip;]\" \/>\n<meta property=\"og:url\" content=\"https:\/\/www.gimsi.it\/en\/bologna2011\/\" \/>\n<meta property=\"og:site_name\" content=\"Gruppo Italiano Multidisciplinare SIncope (GIMSI)\" \/>\n<meta property=\"article:modified_time\" content=\"2017-11-13T11:20:06+00:00\" \/>\n<meta property=\"og:image\" content=\"http:\/\/www.gimsi.it\/wp-content\/uploads\/2006\/10\/attachments_figura1.jpg\" \/>\n<meta name=\"twitter:card\" content=\"summary_large_image\" \/>\n<meta name=\"twitter:label1\" content=\"Est. reading time\" \/>\n\t<meta name=\"twitter:data1\" content=\"3 minutes\" \/>\n<script type=\"application\/ld+json\" class=\"yoast-schema-graph\">{\"@context\":\"https:\/\/schema.org\",\"@graph\":[{\"@type\":\"Organization\",\"@id\":\"https:\/\/www.gimsi.it\/#organization\",\"name\":\"Gimsi\",\"url\":\"https:\/\/www.gimsi.it\/\",\"sameAs\":[],\"logo\":{\"@type\":\"ImageObject\",\"@id\":\"https:\/\/www.gimsi.it\/#logo\",\"inLanguage\":\"en-US\",\"url\":\"https:\/\/www.gimsi.it\/wp-content\/uploads\/2017\/11\/banner2.png\",\"contentUrl\":\"https:\/\/www.gimsi.it\/wp-content\/uploads\/2017\/11\/banner2.png\",\"width\":1000,\"height\":150,\"caption\":\"Gimsi\"},\"image\":{\"@id\":\"https:\/\/www.gimsi.it\/#logo\"}},{\"@type\":\"WebSite\",\"@id\":\"https:\/\/www.gimsi.it\/#website\",\"url\":\"https:\/\/www.gimsi.it\/\",\"name\":\"Gruppo Italiano Multidisciplinare SIncope (GIMSI)\",\"description\":\"Gruppo Italiano Multidisciplinare per lo Studio della Sincope\",\"publisher\":{\"@id\":\"https:\/\/www.gimsi.it\/#organization\"},\"potentialAction\":[{\"@type\":\"SearchAction\",\"target\":{\"@type\":\"EntryPoint\",\"urlTemplate\":\"https:\/\/www.gimsi.it\/?s={search_term_string}\"},\"query-input\":\"required name=search_term_string\"}],\"inLanguage\":\"en-US\"},{\"@type\":\"ImageObject\",\"@id\":\"https:\/\/www.gimsi.it\/en\/bologna2011\/#primaryimage\",\"inLanguage\":\"en-US\",\"url\":\"http:\/\/www.gimsi.it\/wp-content\/uploads\/2006\/10\/attachments_figura1.jpg\",\"contentUrl\":\"http:\/\/www.gimsi.it\/wp-content\/uploads\/2006\/10\/attachments_figura1.jpg\"},{\"@type\":\"WebPage\",\"@id\":\"https:\/\/www.gimsi.it\/en\/bologna2011\/#webpage\",\"url\":\"https:\/\/www.gimsi.it\/en\/bologna2011\/\",\"name\":\"Bologna 2011 | Gruppo Italiano Multidisciplinare SIncope (GIMSI)\",\"isPartOf\":{\"@id\":\"https:\/\/www.gimsi.it\/#website\"},\"primaryImageOfPage\":{\"@id\":\"https:\/\/www.gimsi.it\/en\/bologna2011\/#primaryimage\"},\"datePublished\":\"2006-10-11T07:12:55+00:00\",\"dateModified\":\"2017-11-13T11:20:06+00:00\",\"breadcrumb\":{\"@id\":\"https:\/\/www.gimsi.it\/en\/bologna2011\/#breadcrumb\"},\"inLanguage\":\"en-US\",\"potentialAction\":[{\"@type\":\"ReadAction\",\"target\":[\"https:\/\/www.gimsi.it\/en\/bologna2011\/\"]}]},{\"@type\":\"BreadcrumbList\",\"@id\":\"https:\/\/www.gimsi.it\/en\/bologna2011\/#breadcrumb\",\"itemListElement\":[{\"@type\":\"ListItem\",\"position\":1,\"name\":\"Home\",\"item\":\"https:\/\/www.gimsi.it\/\"},{\"@type\":\"ListItem\",\"position\":2,\"name\":\"Bologna 2011\"}]}]}<\/script>\n<!-- \/ Yoast SEO plugin. -->","yoast_head_json":{"title":"Bologna 2011 | Gruppo Italiano Multidisciplinare SIncope (GIMSI)","robots":{"index":"index","follow":"follow","max-snippet":"max-snippet:-1","max-image-preview":"max-image-preview:large","max-video-preview":"max-video-preview:-1"},"canonical":"https:\/\/www.gimsi.it\/en\/bologna2011\/","og_locale":"en_US","og_type":"article","og_title":"Bologna 2011 | Gruppo Italiano Multidisciplinare SIncope (GIMSI)","og_description":"Come e perch\u00e9 organizzare una &#8220;Syncope Unit&#8221; nel tuo ospedale. Notizie dal 5\u00b0 Congresso GIMSI di Bologna Michele Brignole e Andrea Ungar Si \u00e8 tenuto a Bologna il 10 ed 11 marzo il 5\u00b0 Convegno sulla Sincope, organizzato dal Gruppo Italiano Multidisclinare per lo studio della Sincope (GIMSI) in collaborazione con AIAC, FADOI, SIGG, SIMEU, [&hellip;]","og_url":"https:\/\/www.gimsi.it\/en\/bologna2011\/","og_site_name":"Gruppo Italiano Multidisciplinare SIncope (GIMSI)","article_modified_time":"2017-11-13T11:20:06+00:00","og_image":[{"url":"http:\/\/www.gimsi.it\/wp-content\/uploads\/2006\/10\/attachments_figura1.jpg"}],"twitter_card":"summary_large_image","twitter_misc":{"Est. reading time":"3 minutes"},"schema":{"@context":"https:\/\/schema.org","@graph":[{"@type":"Organization","@id":"https:\/\/www.gimsi.it\/#organization","name":"Gimsi","url":"https:\/\/www.gimsi.it\/","sameAs":[],"logo":{"@type":"ImageObject","@id":"https:\/\/www.gimsi.it\/#logo","inLanguage":"en-US","url":"https:\/\/www.gimsi.it\/wp-content\/uploads\/2017\/11\/banner2.png","contentUrl":"https:\/\/www.gimsi.it\/wp-content\/uploads\/2017\/11\/banner2.png","width":1000,"height":150,"caption":"Gimsi"},"image":{"@id":"https:\/\/www.gimsi.it\/#logo"}},{"@type":"WebSite","@id":"https:\/\/www.gimsi.it\/#website","url":"https:\/\/www.gimsi.it\/","name":"Gruppo Italiano Multidisciplinare SIncope (GIMSI)","description":"Gruppo Italiano Multidisciplinare per lo Studio della Sincope","publisher":{"@id":"https:\/\/www.gimsi.it\/#organization"},"potentialAction":[{"@type":"SearchAction","target":{"@type":"EntryPoint","urlTemplate":"https:\/\/www.gimsi.it\/?s={search_term_string}"},"query-input":"required name=search_term_string"}],"inLanguage":"en-US"},{"@type":"ImageObject","@id":"https:\/\/www.gimsi.it\/en\/bologna2011\/#primaryimage","inLanguage":"en-US","url":"http:\/\/www.gimsi.it\/wp-content\/uploads\/2006\/10\/attachments_figura1.jpg","contentUrl":"http:\/\/www.gimsi.it\/wp-content\/uploads\/2006\/10\/attachments_figura1.jpg"},{"@type":"WebPage","@id":"https:\/\/www.gimsi.it\/en\/bologna2011\/#webpage","url":"https:\/\/www.gimsi.it\/en\/bologna2011\/","name":"Bologna 2011 | Gruppo Italiano Multidisciplinare SIncope (GIMSI)","isPartOf":{"@id":"https:\/\/www.gimsi.it\/#website"},"primaryImageOfPage":{"@id":"https:\/\/www.gimsi.it\/en\/bologna2011\/#primaryimage"},"datePublished":"2006-10-11T07:12:55+00:00","dateModified":"2017-11-13T11:20:06+00:00","breadcrumb":{"@id":"https:\/\/www.gimsi.it\/en\/bologna2011\/#breadcrumb"},"inLanguage":"en-US","potentialAction":[{"@type":"ReadAction","target":["https:\/\/www.gimsi.it\/en\/bologna2011\/"]}]},{"@type":"BreadcrumbList","@id":"https:\/\/www.gimsi.it\/en\/bologna2011\/#breadcrumb","itemListElement":[{"@type":"ListItem","position":1,"name":"Home","item":"https:\/\/www.gimsi.it\/"},{"@type":"ListItem","position":2,"name":"Bologna 2011"}]}]}},"_links":{"self":[{"href":"https:\/\/www.gimsi.it\/en\/wp-json\/wp\/v2\/pages\/269"}],"collection":[{"href":"https:\/\/www.gimsi.it\/en\/wp-json\/wp\/v2\/pages"}],"about":[{"href":"https:\/\/www.gimsi.it\/en\/wp-json\/wp\/v2\/types\/page"}],"author":[{"embeddable":true,"href":"https:\/\/www.gimsi.it\/en\/wp-json\/wp\/v2\/users\/1"}],"replies":[{"embeddable":true,"href":"https:\/\/www.gimsi.it\/en\/wp-json\/wp\/v2\/comments?post=269"}],"version-history":[{"count":0,"href":"https:\/\/www.gimsi.it\/en\/wp-json\/wp\/v2\/pages\/269\/revisions"}],"wp:attachment":[{"href":"https:\/\/www.gimsi.it\/en\/wp-json\/wp\/v2\/media?parent=269"}],"curies":[{"name":"wp","href":"https:\/\/api.w.org\/{rel}","templated":true}]}}