{"id":1718,"date":"2021-10-04T11:15:53","date_gmt":"2021-10-04T09:15:53","guid":{"rendered":"https:\/\/www.gimsi.it\/?page_id=1718"},"modified":"2021-11-10T10:10:40","modified_gmt":"2021-11-10T09:10:40","slug":"atti-congressuali-2021","status":"publish","type":"page","link":"https:\/\/www.gimsi.it\/en\/atti-congressuali-2021\/","title":{"rendered":"Atti congressuali 2021"},"content":{"rendered":"\n<h2>Venerd\u00ec 23 Luglio 2021<\/h2>\n\n\n\n<h3>11.30-13.00 <\/h3>\n\n\n\n<p><strong>SESSIONE PLENARIA 1<br><\/strong>Il fenotipo ipotensivo nel paziente con sincope<br>Moderatori: Gianfranco Parati (Milano), Andrea Ungar (Firenze)<br><\/p>\n\n\n\n<ul><li><a href=\"https:\/\/www.youtube.com\/watch?v=a6EX5T3l_ec&#038;ab_channel=GruppoItalianoMultidisciplinareSincope\" target=\"_blank\" rel=\"noreferrer noopener\">Fisiopatologia e algoritmo diagnostico &#8211; Michele Brignole (Milano)<\/a><\/li><li><a href=\"https:\/\/www.youtube.com\/watch?v=8q1dMGxhVe4&#038;ab_channel=GruppoItalianoMultidisciplinareSincope\" target=\"_blank\" rel=\"noreferrer noopener\">Monitoraggio pressorio ambulatoriale: nuovo strumento diagnostico di sincope ipotensiva? &#8211; Giulia Rivasi (Firenze)<\/a><\/li><li><a href=\"https:\/\/www.youtube.com\/watch?v=0qW7XcyQlMo&#038;ab_channel=GruppoItalianoMultidisciplinareSincope\" target=\"_blank\" rel=\"noreferrer noopener\">Ipotensione ortostatica e POTS &#8211; Raffaello Furlan (Milano)<\/a><\/li><li><a href=\"https:\/\/www.youtube.com\/watch?v=1ugMmXVk8aw&#038;ab_channel=GruppoItalianoMultidisciplinareSincope\" target=\"_blank\" rel=\"noreferrer noopener\">Terapia della sincope ipotensiva &#8211; Marco Tomaino (Bolzano)<\/a><\/li><li>Discussione<\/li><\/ul>\n\n\n\n<h3>13.30 &#8211; 14.30 <\/h3>\n\n\n\n<p><strong>LUNCHEON PANEL<br><\/strong>Sincope e morte improvvisa<br>Moderatori: Antonio D\u2019Onofrio (Napoli), Maurizio Lunati (Milano)<br><\/p>\n\n\n\n<ul><li>La stratificazione di rischio nel paziente con sincope e Sindrome di Brugada &#8211; Giuseppe Mascia (Genova)<\/li><li><a href=\"https:\/\/www.youtube.com\/watch?v=IKuFz5zwJxQ\" target=\"_blank\" rel=\"noreferrer noopener\">La stratificazione di rischio nel paziente con sincope e Cardiomiopatia ipertrofica &#8211; Franco Cecchi (Firenze)<\/a><\/li><li>Sincope: gestione attuale e scenari futuri &#8211; Alessio Badami (Roma)<\/li><li>Discussione<\/li><\/ul>\n\n\n\n<h3>14.30 &#8211; 15.00 <\/h3>\n\n\n\n<p><strong>UN TEMA CONTROVERSO<br><\/strong>Introduce: Lorenzo Ghiadoni (Pisa)<br><\/p>\n\n\n\n<ul><li><a href=\"https:\/\/www.youtube.com\/watch?v=jQBcQ3Vol5E\" target=\"_blank\" rel=\"noreferrer noopener\">Anticoagulanti orali, sincope e cadute &#8211; Andrea Ungar (Firenze)<\/a><\/li><\/ul>\n\n\n\n<h3>15.00 &#8211; 16.10 <\/h3>\n\n\n\n<p><strong>SESSIONE PLENARIA 2<br><\/strong>Il trattamento dell\u2019ipertensione nel paziente con sincope<br>Moderatore: Raffaello Furlan (Milano)<br><\/p>\n\n\n\n<ul><li>Il ruolo della pressione notturna \/ dipping &#8211; Lorenzo Ghiadoni (Pisa)<\/li><li><a href=\"https:\/\/www.youtube.com\/watch?v=zZfo8IodmFM\" target=\"_blank\" rel=\"noreferrer noopener\">Rischi e benefici \/ Pro e contro del trattamento intensivo nell\u2019anziano &#8211; Pasquale Abete (Napoli)<\/a><\/li><li><a href=\"https:\/\/www.youtube.com\/watch?v=KUSjkvsVGpI\" target=\"_blank\" rel=\"noreferrer noopener\">Equilibrio tra rischio cardiovascolare e rischio ipotensivo &#8211; consigli pratici &#8211; Martina Rafanelli (Firenze)<\/a><\/li><li>Discussione<\/li><\/ul>\n\n\n\n<h3>16.10 &#8211; 18.00 <\/h3>\n\n\n\n<p><strong>SESSIONE DI COMUNICAZIONI LIBERE<br><\/strong>Moderatore: Pasquale Abete (Napoli)<br><\/p>\n\n\n\n<p><strong><a href=\"https:\/\/www.gimsi.it\/wp-content\/uploads\/2021\/10\/CO1.pdf\" target=\"_blank\" rel=\"noreferrer noopener\">CO.1 SINCOPE ED ECG CON ASPETTO DI BRUGADA TIPO 1: NON SINDROME MA \u201cBRUGADA PHENOCOPY\u201d. DAL CASO CLINICO ALLA REVISIONE DELLA LETTERATURA<\/a><\/strong><br>L. Valeri1, A. Coppolino1, G. Bricco1, G. Amoroso1<br>1ASL CN1 SC di Cardiologia Ospedale SS. Annunziata Savigliano (CN)<\/p>\n\n\n\n<p><strong><a href=\"https:\/\/www.gimsi.it\/wp-content\/uploads\/2021\/10\/CO2.pdf\" target=\"_blank\" rel=\"noreferrer noopener\">CO. 2 UTILIZZO DELL\u2019ACTIVE STAND TEST IN ALTERNATIVA ALL\u2019HEAD UP TILT TEST IN EPOCA DI PANDEMIA DA COVID-19: ESPERIENZA DI UN SINGOLO CENTRO<\/a><\/strong><br>A. Ferrieri, A. Dentico, R. Rociola, DM. Carretta<br>Policlinico di Bari &#8211; Syncope Unit dell\u2019U.O.C. Cardiologia Ospedaliera<\/p>\n\n\n\n<p><strong><a href=\"https:\/\/www.gimsi.it\/wp-content\/uploads\/2021\/10\/CO3.pdf\" target=\"_blank\" rel=\"noreferrer noopener\">CO. 3 EFFICACY OF ISOMETRIC COUNTERPRESSURE MANEUVERS AS IMMEDIATE VASOVAGAL SYNCOPE TREATMENT AT PRODROMAL PHASE: DIFFERENTIAL DIAGNOSIS WITH EPILEPSY AND POSSIBLE INDICATION FOR INTERVAL TRAINING AS AN EASY AUTONOMIC SYSTEM REBALANCING EFFECTOR. A CASE REPORT<\/a><\/strong><br>Antonella Sabatini, Marco Tomaino<br>Bolzano Regional Hospital, Bolzano, Trentino-South Tyrol,<br>Bolzano, Italy Cardiology Department<\/p>\n\n\n\n<p><strong><a href=\"https:\/\/www.gimsi.it\/wp-content\/uploads\/2021\/10\/CO4.pdf\" target=\"_blank\" rel=\"noreferrer noopener\">CO. 4 SINDROME DISAUTONOMICA POST-COVID19: VALUTAZIONE MEDIANTE QUESTIONARIO COMPASS31 A UN MESE DALLA DIMISSIONE OSPEDALIERA<\/a><\/strong><br>1,2Stefano Rigo, 1,3Franca Barbic, 1Maura Minonzio, 4Gianmarco Putti, 2,4Andrea Bisoglio, 4Maria Angela Romeo; 4Felipe Pellizon; 4Sharon Kulangarathottiyil; 4Lorenzo Bresciani, 5Paolo Verzeletti, 6Fabio Badilini, 3Michele Ciccarelli, 3Maria Grazia Bordoni, 1,3Raffaello Furlan. 1Internal Medicine, Humanitas Clinical and Research Center IRCCS, Rozzano, Milan, Italy. 2Virgilio Research Project, Pieve Emanuele, Milan, Italy. 3Humanitas University, Department of Biomedical Sciences, Pieve Emanuele. 4Humanitas University School of Medicine. 5Cardio Calm srl, Montichiari, Brescia, Italy.6AMPS-LLC, New York, NY, USA. Partially, Funded by CardioCalm, Montichiari, Brescia, Italy<\/p>\n\n\n\n<p><strong><a href=\"https:\/\/www.gimsi.it\/wp-content\/uploads\/2021\/10\/CO5.pdf\" target=\"_blank\" rel=\"noreferrer noopener\">CO. 5 HEAD-UP TILT TEST NEI PAZIENTI CON SOSPETTA SINCOPE DI ORIGINE INDETERMINATA: VALIDAZIONE DI UN PROTOCOLLO RAPIDO<\/a><\/strong><br>Vincenzo Russo, Erika Parente, Nunzia Laezza, Antonietta La Montagna, Anna Rago, Andrea Antonio Papa, Angelo Comune, Gerardo Nigro.<br>Unit\u00e0 Sincope, UOSD Diagnostica Cardiologica Integrata, Universit\u00e0 degli studi della Campania \u201cLuigi Vanvitelli\u201d &#8211; Ospedale Monaldi, Napoli &#8211; Italia.<\/p>\n\n\n\n<p><strong><a href=\"https:\/\/www.gimsi.it\/wp-content\/uploads\/2021\/10\/CO6.pdf\" target=\"_blank\" rel=\"noreferrer noopener\">CO. 6 QUANTI PAZIENTI CON SINCOPE VASOVAGALE INDOTTA AL HUTT SONO POTENZIALMENTE ELEGIBILI AL PACING CARDIACO?<\/a><\/strong><br>Erika Parente, Anna Rago, Andrea Antonio Papa, Gerardo Nigro, Vincenzo Russo.<br>Unit\u00e0 Sincope, UOSD Diagnostica Cardiologica Integrata, Universit\u00e0 degli studi della Campania \u201cLuigi Vanvitelli\u201d &#8211; Ospedale Monaldi, Napoli &#8211; Italia.<\/p>\n\n\n\n<p><a href=\"https:\/\/www.gimsi.it\/wp-content\/uploads\/2021\/10\/CO7.pdf\" target=\"_blank\" rel=\"noreferrer noopener\"><strong>CO. 7 SINCOPE E APNEE DEL SONNO: NUOVI POSSIBILI SCENARI PER IL TRATTAMENTO CON TEOFILLINA<\/strong><br><\/a>Giulia Rivasi,a Martina Rafanelli,a Carlo Fumagalli,a Giuseppe Dario Testa,a Sara Montali,a Carolina Corsi,a Samuele Agusto,a Niccol\u00f2 Bettoni,a Caterina Guarducci,a Federico Lavorini,b Stefania Bertini,b Andrea Ungar,a<br>Syncope Unit, SOD Geriatria e Terapia Intensiva Geriatrica, AOU Careggi e Universit\u00e0 degli Studi di Firenze, Firenze. bPneumologia e Fisiopatologia Toraco-polmonare, AOU Careggi e Universit\u00e0 degli Studi di Firenze, Firenze.<\/p>\n\n\n\n<p><a href=\"https:\/\/www.gimsi.it\/wp-content\/uploads\/2021\/10\/CO8.pdf\" target=\"_blank\" rel=\"noreferrer noopener\"><strong>CO. 8 LA SINCOPE COME SINTOMO PREDITTIVO DI IPERCOAGULABILITA\u2019 NELL\u2019INFEZIONE DA SARS COVID 2<\/strong><br><\/a>Morano CM 1, Melodia R 1, Albanesi M 2, Mariggi\u00f2 A 3, Ranieri P 3, Battaglia S 1, Giuliano AFM 1, Dell\u2019Aquila P 1, Moretti R 1, Bonifacio MA 3, Moret C 2, Lomazzo D 2, De Luca P 2, Carretta DM 4, Moschetta A 1, Procacci V<\/p>\n\n\n\n<ol><li>Medicina Interna Subintensiva, Presidio Maxi-Emergenze,<br>Azienda Ospedaliera Universitaria Policlinico di Bari, Bari, ITALY<\/li><li>U.O. Medicina e Chirurgia d\u2019Accettazione ed Urgenza, Azienda<br>Ospedaliera Universitaria Policlinico di Bari, Bari, ITALY<\/li><li>U.O. Patologia Clinica Universitaria, Azienda Ospedaliera<br>Universitaria Policlinico di Bari, Bari, ITALY<\/li><li>U.O. Cardiologia Ospedaliera, Azienda Ospedaliera Universitaria<br>Policlinico di Bari, Bari, ITALY<\/li><\/ol>\n\n\n\n<p><strong><a href=\"https:\/\/www.gimsi.it\/wp-content\/uploads\/2021\/10\/CO9.pdf\" target=\"_blank\" rel=\"noreferrer noopener\">CO. 9 STROKE CRIPTOGENICO\/ESUS NELL\u2019ANZIANO: IL RUOLO DEL LOOP RECORDER IMPIANTABILE<br><\/a><\/strong>Caterina Guarducci, Carlo Fumagalli, Martina Rafanelli<br>Scuola di Specializzazione in Geriatria, Firenze<\/p>\n\n\n\n<p><strong><a href=\"https:\/\/www.gimsi.it\/wp-content\/uploads\/2021\/10\/CO10.pdf\" target=\"_blank\" rel=\"noreferrer noopener\">CO. 10 IMPIANTO DI UN LOOP RECORDER IN UN PAZIENTE CON SINCOPI RICORRENTI<br><\/a><\/strong>Ivana Ghisu, Alessio Maffei, Stefano Spinelli, Greta Barbieri, Alessandro Cipriano, Massimo Santini, Lorenzo Ghiadoni<br>U.O. Medicina d\u2019Urgenza Universitaria, AOUP Universit\u00e0 di Pisa<\/p>\n\n\n\n<h2>Sabato 24 luglio 2021<\/h2>\n\n\n\n<h3>08.30 &#8211; 10.00 <\/h3>\n\n\n\n<p><strong>SESSIONE DI COMUNICAZIONI LIBERE<\/strong><br>Moderatore: Domenico Maria Carretta (Bari)<\/p>\n\n\n\n<p><a href=\"https:\/\/www.gimsi.it\/wp-content\/uploads\/2021\/10\/CO11.pdf\" target=\"_blank\" rel=\"noreferrer noopener\"><strong>CO. 11 L\u2019IMPORTANZA DEL CONTROLLO REMOTO NELLA SYNCOPE UNIT DURANTE LA PANDEMIA DA COVID-19: ESPERIENZA DI UN SINGOLO CENTRO<\/strong><br><\/a>Ferrieri Alessandra, Dentico Alessia,Rociola Ruggiero, Dott. Carretta Domenico Maria<br>Policlinico di Bari &#8211; Syncope Unit dell\u2019U.O.C. Cardiologia Ospedaliera<\/p>\n\n\n\n<p><a href=\"https:\/\/www.gimsi.it\/wp-content\/uploads\/2021\/10\/CO12.pdf\" target=\"_blank\" rel=\"noreferrer noopener\"><strong>CO. 12 IMPIANTO DI MICRA AV IN PAZIENTI CON SINCOPE DA BLOCCO ATRIO-VENTRICOLARE PAROSSISTICO O BLOCCO ATRIOVENTRICOLARE DI II GRADO DI TIPO 2 AVANZATO O PERSISTENTE<\/strong><br><\/a>Dentico Alessia, Ferrieri Alessandra, Rociola Ruggiero, Dott. Carretta Domenico Maria<br>Policlinico di Bari &#8211; Syncope Unit dell\u2019U.O.C. Cardiologia Ospedaliera<\/p>\n\n\n\n<p><a href=\"https:\/\/www.gimsi.it\/wp-content\/uploads\/2021\/10\/CO13.pdf\" target=\"_blank\" rel=\"noreferrer noopener\"><strong>CO. 13 IMPATTO PROGNOSTICO DELL\u2019IPERTENSIONE CLINOSTATICA NELL\u2019ANZIANO CON SOSPETTA DISAUTONOMIA CARDIOVASCOLARE<\/strong><br><\/a>Liguori Carmen, Rafanelli Martina, Rivasi Giulia, Marozzi Irene, Ferrari Giacomo, Ungar Andrea.<br>Syncope Unit, SOD di Geriatria e UTIG, Universit\u00e0 degli Studi di Firenze, AOU Careggi, Firenze.<\/p>\n\n\n\n<p><strong><a href=\"https:\/\/www.gimsi.it\/wp-content\/uploads\/2021\/10\/CO14.pdf\" target=\"_blank\" rel=\"noreferrer noopener\">CO. 14 VALUTAZIONE DEL BURDEN IPOTENSIVO NEL PAZIENTE CON SINCOPE: HYPOTENSIVE RISK SCORE (HYRIS)<br><\/a><\/strong>Testa Giuseppe Dario, Rivasi Giulia, Rafanelli Martina, Montali Sara, Fumagalli Carlo, Corsi Carolina, Guarducci Caterina, Agusto Samuele, Bettoni Niccol\u00f2, Ungar Andrea<br>*Syncope Unit, SOD Geriatria -Terapia Intensiva Geriatrica (UTIG), AOU Careggi e Universit\u00e0 degli Studi di Firenze.<\/p>\n\n\n\n<p><strong><a href=\"https:\/\/www.gimsi.it\/wp-content\/uploads\/2021\/10\/CO15.pdf\" target=\"_blank\" rel=\"noreferrer noopener\">CO. 15 PREVALENZA E PREDITTORI DI IPOTENSIONE IN SOGGETTI ANZIANI ISTITUZIONALIZZATI SOTTOPOSTI A MONITORAGGIO PRESSORIO 24H<br><\/a><\/strong>Giada Turrin, Giulia Rivasi, Virginia Tort\u00f9, Maria Flora D\u2019Andria, Marco Capacci, Antonio Coscarelli, Martina Rafanelli, Enrico Mossello, Andrea Ungar<br>CRR per l\u2019Ipertensione Arteriosa dell\u2019Anziano, Dipartimento di Geriatria e Terapia Intensiva Geriatrica, AOU Careggi e Universit\u00e0 degli Studi di Firenze, Firenze, Italia<\/p>\n\n\n\n<p><strong><a href=\"https:\/\/www.gimsi.it\/wp-content\/uploads\/2021\/10\/CO16.pdf\" target=\"_blank\" rel=\"noreferrer noopener\">CO. 16 SINCOPI RICORRENTI IN PAZIENTE CON IPERTENSIONE INTRACRANICA IDIOPATICA SENZA PAPILLEDEMA ASSOCIATA A STENOSI VENOSE CON RISOLUZIONE DOPO RACHICENTESI EVACUATIVA<br><\/a><\/strong>Mattia Sansone1, Teresa Cante2, Angelo Miele1, Veronica Flocco2, Gerardo Gerundo2, Francesco Curcio2, Andrea Piccolo2, Pasquale Abete2, Roberto De Simone1<br>1Dipartimento di Neuroscienze, Scienze Riproduttive e Odontostomatologiche, Centro Cefalee; Universit\u00e0 Federico II di<br>Napoli, Napoli; 2Dipartimento di Scienze Mediche Traslazionali, Unit\u00e0 Sincope; AOU &#8211; Universit\u00e0 Federico II, Napoli<\/p>\n\n\n\n<p><strong><a href=\"https:\/\/www.gimsi.it\/wp-content\/uploads\/2021\/10\/CO17.pdf\" target=\"_blank\" rel=\"noreferrer noopener\">CO. 17 FUORI DAL LOOP CON LOOP RECORDER: UN CASO DI SEMIANNEGAMENTO<br><\/a><\/strong>Annamaria Pagano1, Angelica de Nigris2, Giovanni di Marco3, Vincenzo Russo4, Giangiacomo di Nardo5<br>Dipartimento di Pediatria, Universit\u00e0 degli studi di Napoli Federico II Divisione di Cardiologia, dipartimento di Pediatria, AOU Santobono Pausilipon<\/p>\n\n\n\n<p><strong><a href=\"https:\/\/www.gimsi.it\/wp-content\/uploads\/2021\/10\/CO18.pdf\" target=\"_blank\" rel=\"noreferrer noopener\">CO. 18 SINCOPE ADENOSINO-MEDIATA: TRANSITORIE PERDITE DI COSCIENZA E CADUTE IN UN SOGGETTO APPARENTEMENTE SANO<br><\/a><\/strong>Agusto S, Testa GD, Rafanelli M, Rivasi G, Montali S, Corsi C, Fumagalli C, Bettoni N, Guarducci C, Ungar A.<br>Syncope Unit, SOD Geriatria e Terapia Intensiva Geriatrica, AOU Careggi e Universit\u00e0 degli Studi di Firenze, Firenze.<\/p>\n\n\n\n<p><strong><a href=\"https:\/\/www.gimsi.it\/wp-content\/uploads\/2021\/10\/CO19.pdf\" target=\"_blank\" rel=\"noreferrer noopener\">CO. 19 RUOLO DEL TELECONSULTO INFERMIERISTICO NELLA GESTIONE DEI PAZIENTI AFFETTI DA SINCOPE VASO-VAGALE DURANTE COVID-19.<br><\/a><\/strong>Nunzia Laezza, Chiara Donno, Roberta Valentino, Sara De Simone, Luisa De Lorenzo, Valentina Russo, Erika Parente, Vincenzo Russo<br>1Dipartimento di Neuroscienze, Scienze Riproduttive e Odontostomatologiche, Centro Cefalee; Universit\u00e0 Federico II di<br>Napoli, Napoli; 2Dipartimento di Scienze Mediche Traslazionali, Unit\u00e0 Sincope; AOU &#8211; Universit\u00e0 Federico II, Napoli<\/p>\n\n\n\n<h3>10.00 &#8211; 11.30 <\/h3>\n\n\n\n<p><strong>SESSIONE PLENARIA 3<br><\/strong>Pro e contro in casi clinici complessi dalle Syncope Unit GIMSI<br>Moderatori: Francesco Arabia (Catanzaro), Grzegorz Bilo (Milano)<\/p>\n\n\n\n<p><strong>Caso 1<br><\/strong>10.00 Esposizione del caso<br><a href=\"https:\/\/www.youtube.com\/watch?v=CelZaiLy7fM\" target=\"_blank\" rel=\"noreferrer noopener\">Sincope nel paziente con pacemaker: brevi casi clinici di particolari e non sempre reali malfunzionamenti &#8211; Letizia Valeri (Cuneo)<\/a><br>10.10 Discussione<br>10.25 Cosa dicono le linee guida &#8211; Rossana Tongiani (Massa)<\/p>\n\n\n\n<p><strong>Caso 2<br><\/strong>10.30 Esposizione del caso<br><a href=\"https:\/\/www.youtube.com\/watch?v=XPHPg-Q64Zc\" target=\"_blank\" rel=\"noreferrer noopener\">Ipertensione arteriosa e lipotimie: trattare o non trattare? &#8211; Martino Pengo (Milano)<\/a><br>10.40 Discussione<br>10.55 Cosa dicono le linee guida &#8211; Vincenzo Russo (Napoli)<\/p>\n\n\n\n<p><strong>Caso 3<br><\/strong><a href=\"https:\/\/www.youtube.com\/watch?v=sVUiPR7IYRM\" target=\"_blank\" rel=\"noreferrer noopener\">11.00 Plasma Osmolality and Syncope in Chronic Constitutional Hypotension &#8211; Simone Cencetti (Firenze)<\/a><br>11.10 Discussione<br>11.25 Cosa dicono le linee guida &#8211; Maurizio Eligiato (Potenza)<\/p>\n\n\n\n<h3>11.30 &#8211; 13.00 <\/h3>\n\n\n\n<p><strong>SESSIONE PLENARIA 4<\/strong><\/p>\n\n\n\n<p>Il ruolo emergente della frequenza cardiaca nel trattamento della sincope riflessa<br>Moderatori: Michele Brignole (Milano), Marco Tomaino (Bolzano)<\/p>\n\n\n\n<ul><li><a href=\"https:\/\/youtu.be\/nSJm09Nulkw\" target=\"_blank\" rel=\"noreferrer noopener\">Razionale fisiopatologico &#8211; Stefano Strano (Roma)<\/a><\/li><li><a href=\"https:\/\/www.youtube.com\/watch?v=3q3rbe5sNuE\" target=\"_blank\" rel=\"noreferrer noopener\">La teofillina &#8211; Matteo Iori (Reggio Emilia)<\/a><\/li><li><a href=\"https:\/\/www.youtube.com\/watch?v=bsvnkGor8ps\" target=\"_blank\" rel=\"noreferrer noopener\">Il pacemaker &#8211; Vincenzo Russo (Napoli)<\/a><\/li><li><a href=\"https:\/\/www.youtube.com\/watch?v=xy-DFUQJD1I\" target=\"_blank\" rel=\"noreferrer noopener\">La cardioneuroablazione &#8211; Ermenegildo De Ruvo<\/a><\/li><li>Discussione<\/li><\/ul>\n\n\n\n<h3>13.30 &#8211; 14.30 <\/h3>\n\n\n\n<p><strong>INVESTIGATOR MEETING GIMSI<br><\/strong>Efficacia dell\u2019ablazione transcatetere dei plessi gangliari (Cardioneuroablazione) in atrio destro in pazienti affetti da<br>sincope neuromediata asistolica Studio multicentrico Italiano promosso da GIMSI<br><\/p>\n\n\n\n<ul><li><a href=\"https:\/\/www.youtube.com\/watch?v=TDDP__195ek\" target=\"_blank\" rel=\"noreferrer noopener\">Protocollo &#8211; Marco Rebecchi (Roma)<\/a><\/li><li><a href=\"https:\/\/www.youtube.com\/watch?v=SZ5FhUej1sM\" target=\"_blank\" rel=\"noreferrer noopener\">Metodica ablativa &#8211; Ermenegildo De Ruvo (Roma)<\/a><\/li><li>Discussione<\/li><\/ul>\n\n\n\n<h3>14.30 &#8211; 16.00 <\/h3>\n\n\n\n<p><strong>SESSIONE PLENARIA 5<\/strong><br>Perdita transitoria di coscienza: dal territorio al Pronto Soccorso<br>Moderatori: Ivo Casagranda (Pavia), Maria Lorenza Muiesan (Brescia)<\/p>\n\n\n\n<ul><li><a href=\"https:\/\/www.youtube.com\/watch?v=9-h8BD1YP1c\" target=\"_blank\" rel=\"noreferrer noopener\">Il 118 e le perdite di coscienza &#8211; Mattia Conca (Pavia)<\/a><\/li><li><a href=\"https:\/\/www.youtube.com\/watch?v=JqmpgqPrge8\" target=\"_blank\" rel=\"noreferrer noopener\">OBI e le perdite di coscienza &#8211; Filippo Numeroso (Parma)<\/a><\/li><li><a href=\"https:\/\/www.youtube.com\/watch?v=383BreOEUCg\" target=\"_blank\" rel=\"noreferrer noopener\">Il monitoraggio in DEA &#8211; Ivo Casagranda (Pavia)<\/a><\/li><li><a href=\"https:\/\/www.youtube.com\/watch?v=RgTx8i2iKFA&#038;ab_channel=GruppoItalianoMultidisciplinareSincope\" target=\"_blank\" rel=\"noreferrer noopener\">Rapporto fra Pronto Soccorso e Syncope Unit ospedaliera &#8211; Andrea Ungar (Firenze)<\/a><\/li><\/ul>\n","protected":false},"excerpt":{"rendered":"<p>Venerd\u00ec 23 Luglio 2021 11.30-13.00 SESSIONE PLENARIA 1Il fenotipo ipotensivo nel paziente con sincopeModeratori: Gianfranco Parati (Milano), Andrea Ungar (Firenze) Fisiopatologia e algoritmo diagnostico &#8211; Michele Brignole (Milano) Monitoraggio pressorio ambulatoriale: nuovo strumento diagnostico di sincope ipotensiva? &#8211; Giulia Rivasi (Firenze) Ipotensione ortostatica e POTS &#8211; Raffaello Furlan (Milano) Terapia della sincope ipotensiva &#8211; Marco [&hellip;]<\/p>\n","protected":false},"author":1,"featured_media":0,"parent":0,"menu_order":0,"comment_status":"closed","ping_status":"closed","template":"","meta":[],"yoast_head":"<!-- This site is optimized with the Yoast SEO plugin v16.8 - https:\/\/yoast.com\/wordpress\/plugins\/seo\/ -->\n<title>Atti congressuali 2021 | Gruppo Italiano Multidisciplinare SIncope (GIMSI)<\/title>\n<meta name=\"robots\" content=\"index, follow, max-snippet:-1, max-image-preview:large, max-video-preview:-1\" \/>\n<link rel=\"canonical\" href=\"https:\/\/www.gimsi.it\/atti-congressuali-2021\/\" \/>\n<meta property=\"og:locale\" content=\"en_US\" \/>\n<meta property=\"og:type\" content=\"article\" \/>\n<meta property=\"og:title\" content=\"Atti congressuali 2021\" \/>\n<meta property=\"og:description\" content=\"Venerd\u00ec 23 Luglio 2021 11.30-13.00 SESSIONE PLENARIA 1Il fenotipo ipotensivo nel paziente con sincopeModeratori: Gianfranco Parati (Milano), Andrea Ungar (Firenze) Fisiopatologia e algoritmo diagnostico &#8211; Michele Brignole (Milano) Monitoraggio pressorio ambulatoriale: nuovo strumento diagnostico di sincope ipotensiva? &#8211; Giulia Rivasi (Firenze) Ipotensione ortostatica e POTS &#8211; Raffaello Furlan (Milano) Terapia della sincope ipotensiva &#8211; Marco [&hellip;]\" \/>\n<meta property=\"og:url\" content=\"https:\/\/www.gimsi.it\/atti-congressuali-2021\/\" \/>\n<meta property=\"og:site_name\" content=\"Gruppo Italiano Multidisciplinare SIncope (GIMSI)\" \/>\n<meta property=\"article:modified_time\" content=\"2021-11-10T09:10:40+00:00\" \/>\n<meta name=\"twitter:card\" content=\"summary_large_image\" \/>\n<meta name=\"twitter:label1\" content=\"Est. reading time\" \/>\n\t<meta name=\"twitter:data1\" content=\"7 minutes\" \/>\n<script type=\"application\/ld+json\" class=\"yoast-schema-graph\">{\"@context\":\"https:\/\/schema.org\",\"@graph\":[{\"@type\":\"Organization\",\"@id\":\"https:\/\/www.gimsi.it\/#organization\",\"name\":\"Gimsi\",\"url\":\"https:\/\/www.gimsi.it\/\",\"sameAs\":[],\"logo\":{\"@type\":\"ImageObject\",\"@id\":\"https:\/\/www.gimsi.it\/#logo\",\"inLanguage\":\"en-US\",\"url\":\"https:\/\/www.gimsi.it\/wp-content\/uploads\/2017\/11\/banner2.png\",\"contentUrl\":\"https:\/\/www.gimsi.it\/wp-content\/uploads\/2017\/11\/banner2.png\",\"width\":1000,\"height\":150,\"caption\":\"Gimsi\"},\"image\":{\"@id\":\"https:\/\/www.gimsi.it\/#logo\"}},{\"@type\":\"WebSite\",\"@id\":\"https:\/\/www.gimsi.it\/#website\",\"url\":\"https:\/\/www.gimsi.it\/\",\"name\":\"Gruppo Italiano Multidisciplinare SIncope (GIMSI)\",\"description\":\"Gruppo Italiano Multidisciplinare per lo Studio della Sincope\",\"publisher\":{\"@id\":\"https:\/\/www.gimsi.it\/#organization\"},\"potentialAction\":[{\"@type\":\"SearchAction\",\"target\":{\"@type\":\"EntryPoint\",\"urlTemplate\":\"https:\/\/www.gimsi.it\/?s={search_term_string}\"},\"query-input\":\"required name=search_term_string\"}],\"inLanguage\":\"en-US\"},{\"@type\":\"WebPage\",\"@id\":\"https:\/\/www.gimsi.it\/atti-congressuali-2021\/#webpage\",\"url\":\"https:\/\/www.gimsi.it\/atti-congressuali-2021\/\",\"name\":\"[:it]Atti congressuali 2021[:] | Gruppo Italiano Multidisciplinare SIncope (GIMSI)\",\"isPartOf\":{\"@id\":\"https:\/\/www.gimsi.it\/#website\"},\"datePublished\":\"2021-10-04T09:15:53+00:00\",\"dateModified\":\"2021-11-10T09:10:40+00:00\",\"breadcrumb\":{\"@id\":\"https:\/\/www.gimsi.it\/atti-congressuali-2021\/#breadcrumb\"},\"inLanguage\":\"en-US\",\"potentialAction\":[{\"@type\":\"ReadAction\",\"target\":[\"https:\/\/www.gimsi.it\/atti-congressuali-2021\/\"]}]},{\"@type\":\"BreadcrumbList\",\"@id\":\"https:\/\/www.gimsi.it\/atti-congressuali-2021\/#breadcrumb\",\"itemListElement\":[{\"@type\":\"ListItem\",\"position\":1,\"name\":\"Home\",\"item\":\"https:\/\/www.gimsi.it\/\"},{\"@type\":\"ListItem\",\"position\":2,\"name\":\"Atti congressuali 2021\"}]}]}<\/script>\n<!-- \/ Yoast SEO plugin. -->","yoast_head_json":{"title":"Atti congressuali 2021 | Gruppo Italiano Multidisciplinare SIncope (GIMSI)","robots":{"index":"index","follow":"follow","max-snippet":"max-snippet:-1","max-image-preview":"max-image-preview:large","max-video-preview":"max-video-preview:-1"},"canonical":"https:\/\/www.gimsi.it\/atti-congressuali-2021\/","og_locale":"en_US","og_type":"article","og_title":"[:it]Atti congressuali 2021[:] | Gruppo Italiano Multidisciplinare SIncope (GIMSI)","og_description":"Venerd\u00ec 23 Luglio 2021 11.30-13.00 SESSIONE PLENARIA 1Il fenotipo ipotensivo nel paziente con sincopeModeratori: Gianfranco Parati (Milano), Andrea Ungar (Firenze) Fisiopatologia e algoritmo diagnostico &#8211; Michele Brignole (Milano) Monitoraggio pressorio ambulatoriale: nuovo strumento diagnostico di sincope ipotensiva? &#8211; Giulia Rivasi (Firenze) Ipotensione ortostatica e POTS &#8211; Raffaello Furlan (Milano) Terapia della sincope ipotensiva &#8211; Marco [&hellip;]","og_url":"https:\/\/www.gimsi.it\/atti-congressuali-2021\/","og_site_name":"Gruppo Italiano Multidisciplinare SIncope (GIMSI)","article_modified_time":"2021-11-10T09:10:40+00:00","twitter_card":"summary_large_image","twitter_misc":{"Est. reading time":"7 minutes"},"schema":{"@context":"https:\/\/schema.org","@graph":[{"@type":"Organization","@id":"https:\/\/www.gimsi.it\/#organization","name":"Gimsi","url":"https:\/\/www.gimsi.it\/","sameAs":[],"logo":{"@type":"ImageObject","@id":"https:\/\/www.gimsi.it\/#logo","inLanguage":"en-US","url":"https:\/\/www.gimsi.it\/wp-content\/uploads\/2017\/11\/banner2.png","contentUrl":"https:\/\/www.gimsi.it\/wp-content\/uploads\/2017\/11\/banner2.png","width":1000,"height":150,"caption":"Gimsi"},"image":{"@id":"https:\/\/www.gimsi.it\/#logo"}},{"@type":"WebSite","@id":"https:\/\/www.gimsi.it\/#website","url":"https:\/\/www.gimsi.it\/","name":"Gruppo Italiano Multidisciplinare SIncope (GIMSI)","description":"Gruppo Italiano Multidisciplinare per lo Studio della Sincope","publisher":{"@id":"https:\/\/www.gimsi.it\/#organization"},"potentialAction":[{"@type":"SearchAction","target":{"@type":"EntryPoint","urlTemplate":"https:\/\/www.gimsi.it\/?s={search_term_string}"},"query-input":"required name=search_term_string"}],"inLanguage":"en-US"},{"@type":"WebPage","@id":"https:\/\/www.gimsi.it\/atti-congressuali-2021\/#webpage","url":"https:\/\/www.gimsi.it\/atti-congressuali-2021\/","name":"[:it]Atti congressuali 2021[:] | Gruppo Italiano Multidisciplinare SIncope (GIMSI)","isPartOf":{"@id":"https:\/\/www.gimsi.it\/#website"},"datePublished":"2021-10-04T09:15:53+00:00","dateModified":"2021-11-10T09:10:40+00:00","breadcrumb":{"@id":"https:\/\/www.gimsi.it\/atti-congressuali-2021\/#breadcrumb"},"inLanguage":"en-US","potentialAction":[{"@type":"ReadAction","target":["https:\/\/www.gimsi.it\/atti-congressuali-2021\/"]}]},{"@type":"BreadcrumbList","@id":"https:\/\/www.gimsi.it\/atti-congressuali-2021\/#breadcrumb","itemListElement":[{"@type":"ListItem","position":1,"name":"Home","item":"https:\/\/www.gimsi.it\/"},{"@type":"ListItem","position":2,"name":"Atti congressuali 2021"}]}]}},"_links":{"self":[{"href":"https:\/\/www.gimsi.it\/en\/wp-json\/wp\/v2\/pages\/1718"}],"collection":[{"href":"https:\/\/www.gimsi.it\/en\/wp-json\/wp\/v2\/pages"}],"about":[{"href":"https:\/\/www.gimsi.it\/en\/wp-json\/wp\/v2\/types\/page"}],"author":[{"embeddable":true,"href":"https:\/\/www.gimsi.it\/en\/wp-json\/wp\/v2\/users\/1"}],"replies":[{"embeddable":true,"href":"https:\/\/www.gimsi.it\/en\/wp-json\/wp\/v2\/comments?post=1718"}],"version-history":[{"count":19,"href":"https:\/\/www.gimsi.it\/en\/wp-json\/wp\/v2\/pages\/1718\/revisions"}],"predecessor-version":[{"id":1764,"href":"https:\/\/www.gimsi.it\/en\/wp-json\/wp\/v2\/pages\/1718\/revisions\/1764"}],"wp:attachment":[{"href":"https:\/\/www.gimsi.it\/en\/wp-json\/wp\/v2\/media?parent=1718"}],"curies":[{"name":"wp","href":"https:\/\/api.w.org\/{rel}","templated":true}]}}