{"id":1331,"date":"2019-06-03T09:54:47","date_gmt":"2019-06-03T07:54:47","guid":{"rendered":"http:\/\/www.gimsi.it\/?page_id=1331"},"modified":"2021-08-04T12:19:40","modified_gmt":"2021-08-04T10:19:40","slug":"informativa-sui-cookie","status":"publish","type":"page","link":"https:\/\/www.gimsi.it\/en\/informativa-sui-cookie\/","title":{"rendered":"Cookies Policy"},"content":{"rendered":"\n<p><strong>Informativa sui Cookie<\/strong><\/p>\n\n\n\n<p><strong>Cookie<\/strong><strong><br><\/strong>Per rendere il nostro sito pi\u00f9 facile ed intuitivo facciamo uso dei cookie. I cookie sono piccole porzioni di dati che ci permettono di confrontare i visitatori nuovi e quelli passati e di capire come gli utenti navigano attraverso il nostro sito. Utilizziamo i dati raccolti grazie ai cookie per rendere l&#8217;esperienza di navigazione pi\u00f9 piacevole e pi\u00f9 efficiente in futuro.<\/p>\n\n\n\n<p>I cookie non registrano alcuna informazione personale su un utente e gli eventuali dati identificabili non verranno memorizzati. Se si desidera disabilitare l&#8217;uso dei cookie \u00e8 necessario personalizzare le impostazioni del proprio computer impostando la cancellazione di tutti i cookie o attivando un messaggio di avviso quando i cookie vengono memorizzati. Per procedere senza modificare l&#8217;applicazione dei cookie \u00e8 sufficiente continuare con la navigazione.<\/p>\n\n\n\n<p>Visita <a href=\"http:\/\/www.AboutCookies.org\">AboutCookies.org<\/a> per ulteriori informazioni sui cookie e su come influenzano la tua esperienza di navigazione.<\/p>\n\n\n\n<p><strong><br>I tipi di cookie che utilizziamo<br><\/strong><br><em>Cookie indispensabili<\/em><br>Questi cookie sono essenziali al fine di consentire di spostarsi in tutto il sito ed utilizzare a pieno le sue caratteristiche, come ad esempio accedere alle varie aree protette del sito. Senza questi cookie alcuni servizi necessari, come la compilazione di un form per un concorso, non possono essere fruiti.<\/p>\n\n\n\n<figure class=\"wp-block-table\"><table class=\"table table-hover\"><tbody><tr><td> <p><strong>Cookies name<\/strong><\/p> <\/td><td> <p><strong>Description<\/strong><\/p> <\/td><td> <p><strong>Type<\/strong><\/p> <\/td><td> <p><strong>expiry<\/strong><\/p> <\/td><\/tr><tr><td>\n<p>qtrans_front_language<\/p>\n<\/td><td>\n<p>Cookie operativo utilizzato dal sito per la gestione multilingua<br><br><\/p>\n<\/td><td>\n<p>html<\/p>\n<\/td><td>\n<p>2 anni<\/p>\n<\/td><\/tr><tr><td>\n<p>_ga<\/p>\n<\/td><td>\n<p>Registra un ID univoco utilizzato per generare dati statistici su come il visitatore utilizza il sito internet.<\/p>\n<p>Origine: https:\/\/www.google-analytics.com\/analytics.js<\/p>\n<p>Dati inviati in: Paesi Bassi (adeguato)<\/p>\n<\/td><td>\n<p>html<\/p>\n<\/td><td>\n<p>2 anni<\/p>\n<\/td><\/tr><tr><td>\n<p>_gat<\/p>\n<\/td><td>\n<p>Utilizzato da Google Analytics per limitare la frequenza delle richieste<\/p>\n<p>Origine: https:\/\/www .google-analytics.com\/an alytics.js<\/p>\n<p>Dati inviati in: Paesi Bassi (adeguato)<\/p>\n<\/td><td>\n<p>html<\/p>\n<\/td><td>\n<p>Sessione<\/p>\n<\/td><\/tr><tr><td>\n<p>_gid<\/p>\n<\/td><td>\n<p>Questo cookie raccoglie informazioni su come gli utenti utilizzano un sito web, ad esempio, che pagine sono visitate pi\u00f9 spesso, attraverso dati raccolti in forma anonima e aggregata. Non vengono raccolte informazioni che identificano un visitatore.<\/p>\n<p>Origine: https:\/\/www .google-analytics.com\/an alytics.js<\/p>\n<p>Dati inviati in: Paesi Bassi (adeguato)<\/p>\n<\/td><td>\n<p>html<\/p>\n<\/td><td>\n<p>Sessione<\/p>\n<\/td><\/tr><tr><td>\n<p>cookielawinfo-checkbox-non-necessary<\/p>\n<\/td><td>\n<p>&nbsp;<\/p>\n<\/td><td>\n<p>html<\/p>\n<\/td><td>\n<p>1 anno<\/p>\n<\/td><\/tr><tr><td>\n<p>cookielawinfo-checkbox-necessary<\/p>\n<\/td><td>\n<p>&nbsp;<\/p>\n<\/td><td>\n<p>html<\/p>\n<\/td><td>\n<p>1 anno<\/p>\n<\/td><\/tr><tr><td>\n<p>NID<\/p>\n<\/td><td> <p>Questo cookie contiene un ID univoco che viene usato per memorizzare le tue preferenze e altre informazioni, come la lingua preferita, il numero di risultati di ricerca che preferisci vengano mostrati in una pagina di risultati (ad esempio 10 o 20) e la tua preferenza per l&#8217;attivazione del filtro SafeSearch di Google. Ogni cookie NID scade 6 mesi dopo l&#8217;ultimo utilizzo da parte dell&#8217;utente.<\/p> <\/td><td>\n<p>Html<\/p>\n<\/td><td>\n<p>183 giorni<\/p>\n<\/td><\/tr><\/tbody><\/table><\/figure>\n\n\n\n<p><em>Performance cookie<\/em><br>Questi cookie raccolgono informazioni su come gli utenti utilizzano un sito web, ad esempio, quali sono le pagine pi\u00f9 visitate, se si ricevono messaggi di errore da pagine web. Questi cookie non raccolgono informazioni che identificano un visitatore. Tutte le informazioni raccolte tramite cookie sono aggregate e quindi anonime. Vengono utilizzati solo per migliorare il funzionamento di un sito web.<\/p>\n\n\n\n<p>Utilizzando il nostro sito, l&#8217;utente accetta che tali cookie possono essere installati sul proprio dispositivo.<\/p>\n\n\n\n<p><em>Cookie di funzionalit\u00e0<\/em><br>I cookie consentono al sito di ricordare le scelte fatte dall&#8217;utente (come il nome, la lingua o la regione di provenienza) e forniscono funzionalit\u00e0 avanzate personalizzate. Questi cookie possono essere utilizzati anche per ricordare le modifiche apportate alla dimensione del testo, font ed altre parti di pagine web che \u00e8 possibile personalizzare. Essi possono anche essere utilizzati per fornire servizi che hai chiesto come guardare un video o i commenti su un blog. Le informazioni raccolte da questi tipi di cookie possono essere rese anonime e non in grado di monitorare la vostra attivit\u00e0 di navigazione su altri siti web.<\/p>\n\n\n\n<p>Utilizzando il nostro sito, l&#8217;utente accetta che tali cookie possono essere installati sul proprio dispositivo.<\/p>\n\n\n\n<p><em>Cookie di terze parti \/ marketing<\/em><br>I cookie di terze parti sono cookie impostati da un sito web diverso da quello che si sta attualmente visitando. Ad esempio, il sito potrebbe contenere al suo interno un pulsante &#8220;Mi piace&#8221; di Facebook. Quel pulsante imposter\u00e0 un cookie che pu\u00f2 essere letto da Facebook. Questo \u00e8 considerato come un cookie di terze parti. Alcuni inserzionisti pubblicitari utilizzano questi tipi di cookie per tenere traccia delle visite dell&#8217;utilizzatore su tutti i siti sui quali offrono i propri servizi. Se un utente ritiene che questa tracciabilit\u00e0 possa essere fonte di preoccupazione e di ingerenza nella propria privacy, in Firefox e negli altri browser \u00e8 possibile disattivare i cookie di terze parti.<\/p>\n\n\n\n<p>Utilizzando il nostro sito, l&#8217;utente accetta che tali cookie possono essere installati sul proprio dispositivo.<br><br><strong>Note:<\/strong> <br>La disattivazione dei cookie di terze parti pu\u00f2 impedire in alcuni casi il tracciamento da parte degli inserzionisti pubblicitari, ma non in tutti i casi. Si rimanda a: AboutCookies.org<br>Per ulteriori informazioni sul tracciamento delle attivit\u00e0 da parte degli inserzionisti pubblicitari e per le politiche dei cookies delle terze parti utilizzati in questo sito si rimanda ai seguenti link:<br><br><em>Facebook<\/em>: <a href=\"https:\/\/www.facebook.com\/help\/cookies\/\">https:\/\/www.facebook.com\/help\/cookies\/<br><\/a><\/p>\n\n\n\n<p>L\u2019elenco delle terze parti \u00e8 soggetto ad aggiornamenti.<br>I siti web possono utilizzare i cookie di terze parti per scopi che non sono necessariamente legati alla privacy e la loro disattivazione pu\u00f2 interferire con il corretto funzionamento di quei siti.<\/p>\n\n\n\n<p><br><strong>Come gestire i cookie manualmente sul PC<\/strong><br>Se si desidera consentire i cookie dal nostro sito, si prega di seguire i passaggi riportati di seguito,<\/p>\n\n\n\n<p><em>Google Chrome<\/em><br>1. Clicca su &#8220;Strumenti&#8221; nella parte superiore della finestra del browser e selezionare Opzioni<br>2. Fai clic sulla scheda &#8216;Roba da smanettoni&#8217; , individua la sezione &#8216;Privacy&#8217;, e seleziona il pulsante &#8220;Impostazioni contenuto&#8221;<br>3. Ora seleziona &#8216;Consenti dati locali da impostare&#8217;<\/p>\n\n\n\n<p><em>Microsoft Internet Explorer 6.0, 7.0, 8.0, 9.0<\/em><br>1. Clicca su &#8220;Strumenti&#8221; nella parte superiore della finestra del browser e seleziona &#8216;Opzioni Internet&#8217;, quindi fai clic sulla scheda &#8216;Privacy&#8217;<br>2. Per attivare i cookie nel tuo browser, assicurati che il livello di privacy \u00e8 impostato su Medio o al di sotto,<br>3. Impostando il livello di privacy sopra il Medio disattiverai l&#8217;utilizzo dei cookies.<\/p>\n\n\n\n<p><em>Mozilla Firefox<\/em><br>1. Clicca su &#8220;Strumenti&#8221; nella parte superiore della finestra del browser e seleziona &#8220;Opzioni&#8221;<br>2. Quindi seleziona l&#8217;icona Privacy<br>3. Fai clic su Cookie, quindi seleziona &#8216;permetto ai siti l&#8217;utilizzo dei cookie&#8217;<\/p>\n\n\n\n<p>Safari<br>1. Fai clic sull&#8217;icona Cog nella parte superiore della finestra del browser e seleziona l&#8217;opzione &#8220;Preferenze&#8221;<br>2. Fai clic su &#8216;Protezione&#8217;, seleziona l&#8217;opzione che dice &#8216;Blocco di terze parti e di cookie per la pubblicit\u00e0&#8217;<br>3. Fai clic su &#8216;Salva&#8217;<\/p>\n\n\n\n<p><strong><br>Come gestire i cookie su Mac<\/strong><br>Se si desidera consentire i cookie dal nostro sito, si prega di seguire i passaggi riportati di seguito:<\/p>\n\n\n\n<p><em>Microsoft Internet Explorer 5.0 su OSX<\/em><br>1. Fai clic su &#8216;Esplora&#8217; nella parte superiore della finestra del browser e seleziona l&#8217;opzione &#8220;Preferenze&#8221;<br>2. Scorri verso il basso fino a visualizzare &#8220;Cookie&#8221; nella sezione File Ricezione<br>3. Seleziona l&#8217;opzione &#8216;Non chiedere&#8217;<\/p>\n\n\n\n<p><em>Safari su OSX<\/em><br>1. Fai clic su &#8216;Safari&#8217; nella parte superiore della finestra del browser e seleziona l&#8217;opzione &#8220;Preferenze&#8221;<br>2. Fai clic su &#8216;Sicurezza&#8217; e poi &#8216;Accetta i cookie&#8217;<br>3. Seleziona &#8220;Solo dal sito&#8221;<\/p>\n\n\n\n<p><em>Mozilla e Netscape su OSX<\/em><br>1. Fai clic su &#8216;Mozilla&#8217; o &#8216;Netscape&#8217; nella parte superiore della finestra del browser e seleziona l&#8217;opzione &#8220;Preferenze&#8221;<br>2. Scorri verso il basso fino a visualizzare i cookie sotto &#8216;Privacy e sicurezza&#8217;<br>3. Seleziona &#8216;Abilita i cookie solo per il sito di origine&#8217;<\/p>\n\n\n\n<p>Opera<br>1. Fai clic su &#8216;Menu&#8217; nella parte superiore della finestra del browser e seleziona &#8220;Impostazioni&#8221;<br>2. Quindi seleziona &#8220;Preferenze&#8221;, seleziona la scheda &#8216;Avanzate&#8217;<br>3. Quindi seleziona l&#8217;opzione &#8216;Accetta i cookie &#8220;<\/p>\n","protected":false},"excerpt":{"rendered":"<p>Informativa sui Cookie CookiePer rendere il nostro sito pi\u00f9 facile ed intuitivo facciamo uso dei cookie. I cookie sono piccole porzioni di dati che ci permettono di confrontare i visitatori nuovi e quelli passati e di capire come gli utenti navigano attraverso il nostro sito. Utilizziamo i dati raccolti grazie ai cookie per rendere l&#8217;esperienza [&hellip;]<\/p>\n","protected":false},"author":1,"featured_media":0,"parent":0,"menu_order":0,"comment_status":"closed","ping_status":"closed","template":"","meta":[],"yoast_head":"<!-- This site is optimized with the Yoast SEO plugin v16.8 - https:\/\/yoast.com\/wordpress\/plugins\/seo\/ -->\n<title>Cookies Policy | Gruppo Italiano Multidisciplinare SIncope (GIMSI)<\/title>\n<meta name=\"robots\" content=\"index, follow, max-snippet:-1, max-image-preview:large, max-video-preview:-1\" \/>\n<link rel=\"canonical\" href=\"https:\/\/www.gimsi.it\/informativa-sui-cookie\/\" \/>\n<meta property=\"og:locale\" content=\"en_US\" \/>\n<meta property=\"og:type\" content=\"article\" \/>\n<meta property=\"og:title\" content=\"Cookies Policy\" \/>\n<meta property=\"og:description\" content=\"Informativa sui Cookie CookiePer rendere il nostro sito pi\u00f9 facile ed intuitivo facciamo uso dei cookie. I cookie sono piccole porzioni di dati che ci permettono di confrontare i visitatori nuovi e quelli passati e di capire come gli utenti navigano attraverso il nostro sito. Utilizziamo i dati raccolti grazie ai cookie per rendere l&#8217;esperienza [&hellip;]\" \/>\n<meta property=\"og:url\" content=\"https:\/\/www.gimsi.it\/informativa-sui-cookie\/\" \/>\n<meta property=\"og:site_name\" content=\"Gruppo Italiano Multidisciplinare SIncope (GIMSI)\" \/>\n<meta property=\"article:modified_time\" content=\"2021-08-04T10:19:40+00:00\" \/>\n<meta name=\"twitter:card\" content=\"summary_large_image\" \/>\n<meta name=\"twitter:label1\" content=\"Est. reading time\" \/>\n\t<meta name=\"twitter:data1\" content=\"6 minutes\" \/>\n<script type=\"application\/ld+json\" class=\"yoast-schema-graph\">{\"@context\":\"https:\/\/schema.org\",\"@graph\":[{\"@type\":\"Organization\",\"@id\":\"https:\/\/www.gimsi.it\/#organization\",\"name\":\"Gimsi\",\"url\":\"https:\/\/www.gimsi.it\/\",\"sameAs\":[],\"logo\":{\"@type\":\"ImageObject\",\"@id\":\"https:\/\/www.gimsi.it\/#logo\",\"inLanguage\":\"en-US\",\"url\":\"https:\/\/www.gimsi.it\/wp-content\/uploads\/2017\/11\/banner2.png\",\"contentUrl\":\"https:\/\/www.gimsi.it\/wp-content\/uploads\/2017\/11\/banner2.png\",\"width\":1000,\"height\":150,\"caption\":\"Gimsi\"},\"image\":{\"@id\":\"https:\/\/www.gimsi.it\/#logo\"}},{\"@type\":\"WebSite\",\"@id\":\"https:\/\/www.gimsi.it\/#website\",\"url\":\"https:\/\/www.gimsi.it\/\",\"name\":\"Gruppo Italiano Multidisciplinare SIncope (GIMSI)\",\"description\":\"Gruppo Italiano Multidisciplinare per lo Studio della Sincope\",\"publisher\":{\"@id\":\"https:\/\/www.gimsi.it\/#organization\"},\"potentialAction\":[{\"@type\":\"SearchAction\",\"target\":{\"@type\":\"EntryPoint\",\"urlTemplate\":\"https:\/\/www.gimsi.it\/?s={search_term_string}\"},\"query-input\":\"required name=search_term_string\"}],\"inLanguage\":\"en-US\"},{\"@type\":\"WebPage\",\"@id\":\"https:\/\/www.gimsi.it\/informativa-sui-cookie\/#webpage\",\"url\":\"https:\/\/www.gimsi.it\/informativa-sui-cookie\/\",\"name\":\"[:it]Cookies Policy[:] | Gruppo Italiano Multidisciplinare SIncope (GIMSI)\",\"isPartOf\":{\"@id\":\"https:\/\/www.gimsi.it\/#website\"},\"datePublished\":\"2019-06-03T07:54:47+00:00\",\"dateModified\":\"2021-08-04T10:19:40+00:00\",\"breadcrumb\":{\"@id\":\"https:\/\/www.gimsi.it\/informativa-sui-cookie\/#breadcrumb\"},\"inLanguage\":\"en-US\",\"potentialAction\":[{\"@type\":\"ReadAction\",\"target\":[\"https:\/\/www.gimsi.it\/informativa-sui-cookie\/\"]}]},{\"@type\":\"BreadcrumbList\",\"@id\":\"https:\/\/www.gimsi.it\/informativa-sui-cookie\/#breadcrumb\",\"itemListElement\":[{\"@type\":\"ListItem\",\"position\":1,\"name\":\"Home\",\"item\":\"https:\/\/www.gimsi.it\/\"},{\"@type\":\"ListItem\",\"position\":2,\"name\":\"Cookies Policy\"}]}]}<\/script>\n<!-- \/ Yoast SEO plugin. -->","yoast_head_json":{"title":"Cookies Policy | Gruppo Italiano Multidisciplinare SIncope (GIMSI)","robots":{"index":"index","follow":"follow","max-snippet":"max-snippet:-1","max-image-preview":"max-image-preview:large","max-video-preview":"max-video-preview:-1"},"canonical":"https:\/\/www.gimsi.it\/informativa-sui-cookie\/","og_locale":"en_US","og_type":"article","og_title":"[:it]Cookies Policy[:] | Gruppo Italiano Multidisciplinare SIncope (GIMSI)","og_description":"Informativa sui Cookie CookiePer rendere il nostro sito pi\u00f9 facile ed intuitivo facciamo uso dei cookie. I cookie sono piccole porzioni di dati che ci permettono di confrontare i visitatori nuovi e quelli passati e di capire come gli utenti navigano attraverso il nostro sito. Utilizziamo i dati raccolti grazie ai cookie per rendere l&#8217;esperienza [&hellip;]","og_url":"https:\/\/www.gimsi.it\/informativa-sui-cookie\/","og_site_name":"Gruppo Italiano Multidisciplinare SIncope (GIMSI)","article_modified_time":"2021-08-04T10:19:40+00:00","twitter_card":"summary_large_image","twitter_misc":{"Est. reading time":"6 minutes"},"schema":{"@context":"https:\/\/schema.org","@graph":[{"@type":"Organization","@id":"https:\/\/www.gimsi.it\/#organization","name":"Gimsi","url":"https:\/\/www.gimsi.it\/","sameAs":[],"logo":{"@type":"ImageObject","@id":"https:\/\/www.gimsi.it\/#logo","inLanguage":"en-US","url":"https:\/\/www.gimsi.it\/wp-content\/uploads\/2017\/11\/banner2.png","contentUrl":"https:\/\/www.gimsi.it\/wp-content\/uploads\/2017\/11\/banner2.png","width":1000,"height":150,"caption":"Gimsi"},"image":{"@id":"https:\/\/www.gimsi.it\/#logo"}},{"@type":"WebSite","@id":"https:\/\/www.gimsi.it\/#website","url":"https:\/\/www.gimsi.it\/","name":"Gruppo Italiano Multidisciplinare SIncope (GIMSI)","description":"Gruppo Italiano Multidisciplinare per lo Studio della Sincope","publisher":{"@id":"https:\/\/www.gimsi.it\/#organization"},"potentialAction":[{"@type":"SearchAction","target":{"@type":"EntryPoint","urlTemplate":"https:\/\/www.gimsi.it\/?s={search_term_string}"},"query-input":"required name=search_term_string"}],"inLanguage":"en-US"},{"@type":"WebPage","@id":"https:\/\/www.gimsi.it\/informativa-sui-cookie\/#webpage","url":"https:\/\/www.gimsi.it\/informativa-sui-cookie\/","name":"[:it]Cookies Policy[:] | Gruppo Italiano Multidisciplinare SIncope (GIMSI)","isPartOf":{"@id":"https:\/\/www.gimsi.it\/#website"},"datePublished":"2019-06-03T07:54:47+00:00","dateModified":"2021-08-04T10:19:40+00:00","breadcrumb":{"@id":"https:\/\/www.gimsi.it\/informativa-sui-cookie\/#breadcrumb"},"inLanguage":"en-US","potentialAction":[{"@type":"ReadAction","target":["https:\/\/www.gimsi.it\/informativa-sui-cookie\/"]}]},{"@type":"BreadcrumbList","@id":"https:\/\/www.gimsi.it\/informativa-sui-cookie\/#breadcrumb","itemListElement":[{"@type":"ListItem","position":1,"name":"Home","item":"https:\/\/www.gimsi.it\/"},{"@type":"ListItem","position":2,"name":"Cookies Policy"}]}]}},"_links":{"self":[{"href":"https:\/\/www.gimsi.it\/en\/wp-json\/wp\/v2\/pages\/1331"}],"collection":[{"href":"https:\/\/www.gimsi.it\/en\/wp-json\/wp\/v2\/pages"}],"about":[{"href":"https:\/\/www.gimsi.it\/en\/wp-json\/wp\/v2\/types\/page"}],"author":[{"embeddable":true,"href":"https:\/\/www.gimsi.it\/en\/wp-json\/wp\/v2\/users\/1"}],"replies":[{"embeddable":true,"href":"https:\/\/www.gimsi.it\/en\/wp-json\/wp\/v2\/comments?post=1331"}],"version-history":[{"count":2,"href":"https:\/\/www.gimsi.it\/en\/wp-json\/wp\/v2\/pages\/1331\/revisions"}],"predecessor-version":[{"id":1713,"href":"https:\/\/www.gimsi.it\/en\/wp-json\/wp\/v2\/pages\/1331\/revisions\/1713"}],"wp:attachment":[{"href":"https:\/\/www.gimsi.it\/en\/wp-json\/wp\/v2\/media?parent=1331"}],"curies":[{"name":"wp","href":"https:\/\/api.w.org\/{rel}","templated":true}]}}