{"id":115,"date":"2006-10-11T00:42:31","date_gmt":"2006-10-10T22:42:31","guid":{"rendered":"http:\/\/rol.e-acx.it\/gimsi\/cosa-e-la-sincope\/"},"modified":"2006-10-11T00:42:31","modified_gmt":"2006-10-10T22:42:31","slug":"cosa-e-la-sincope","status":"publish","type":"page","link":"https:\/\/www.gimsi.it\/en\/cosa-e-la-sincope\/","title":{"rendered":"Cos&#8217;\u00e8 la Sincope"},"content":{"rendered":"<div>\n<p class=\"MsoNormal\" style=\"text-align: justify\"><strong>COS\u2019E\u2019 LA SINCOPE<\/strong><\/p>\n<p class=\"MsoNormal\" style=\"text-align: justify\">La sincope \u00e8 un sintomo caratterizzato dalla <span style=\"text-decoration: underline;\">transitoria<\/span> e <span style=\"text-decoration: underline;\">completa<\/span> perdita di coscienza con <span style=\"text-decoration: underline;\">spontaneo<\/span>, <span style=\"text-decoration: underline;\">rapido<\/span> e <span style=\"text-decoration: underline;\">completo<\/span> suo recupero, che di solito causa<span> <\/span>caduta. In alcune forme vi pu\u00f2 essere una fase prodromica, durante la quale vari sintomi (scotomi, nausea, sudorazione, debolezza, turbe della visione) offrono un avvertimento dell\u2019incombente perdita di coscienza, ma spesso la sincope si manifesta senza alcun prodromo. La durata della<span> <\/span>perdita di coscienza \u00e8 di solito breve (secondi): negli episodi vasovagali tipici la completa perdita della coscienza in genere non dura pi\u00f9 di 20 secondi. Raramente la sincope pu\u00f2 avere una durata maggiore e durare fino ad minuti; in tali casi, la diagnosi differenziale fra sincope e altre cause di perdita di coscienza pu\u00f2 risultare difficoltosa ( Vedi pseudosincope).<span style=\"font-size: 5.5pt\">.<\/span>La fase di recupero dalla sincope \u00e8 generalmente accompagnata <span> <\/span>dalla quasi immediata ripresa di un comportamento e di un orientamento adeguati.<\/p>\n<p class=\"MsoNormal\" style=\"text-align: justify\"><strong>PRE-SINCOPE o LIPOTIMIA<\/strong><\/p>\n<p class=\"MsoNormal\" style=\"text-align: justify\">La presincope o lipotimia, \u00e8 una condizione nella quale il paziente avverte l\u2019incombenza della perdita di coscienza. I sintomi associati alla presincope possono essere relativamente poco specifici quali: vertigini, profonda debolezza, sudorazione, \u201csensazione di mancamento\u201d; essi tendono a sovrapporsi a quelli della fase prodromica della<span style=\"font-size: 9.5pt; font-family: Palatino-Roman\"> <\/span>sincope; non si verifica mai la completa perdita di coscienza.<span style=\"font-size: 9.5pt; font-family: Palatino-Roman\"> <\/span><\/p>\n<p class=\"MsoNormal\" style=\"text-align: justify\">\n<p class=\"MsoNormal\" style=\"text-align: justify\">\n<p class=\"MsoNormal\" style=\"text-align: justify\"><strong>PSEUDOSINCOPE<\/strong><\/p>\n<p class=\"MsoNormal\" style=\"text-align: justify\" align=\"justify\">La pseudosincope \u00e8 un disturbo dello stato di coscienza che pu\u00f2 simulare la sincope secondo due modalit\u00e0; la coscienza pu\u00f2 essere deteriorata o persa a causa di disturbi metabolici (ipossia, iperventilazione con ipocapnia, ipoglicemia), epilessia e intossicazioni; oppure la coscienza pu\u00f2 essere solo in apparenza compromessa: \u00e8 il caso dei disturbi di somatizzazione, catalessia e <em><span style=\"font-family: Palatino-Italic\">drop attacks<\/span><\/em>.<\/p>\n<p class=\"MsoNormal\" style=\"text-align: justify\" align=\"justify\">\n<p class=\"MsoNormal\" style=\"text-align: justify\" align=\"justify\"><strong><a href=\"http:\/\/www.gimsi.it\/wp-content\/uploads\/2006\/10\/attachments_impaginatosvenimento.pdf\" target=\"_blank\">Lo svenimento &#8211; Tratto da Corriere Salute del 27\/11\/2001, a cura di  Antonella Sparvoli<\/a><\/strong><\/p>\n<\/p><\/div>\n<p><a href=\"http:\/\/forum.joomla.org\" title=\"The Joomla! Community Forums\"><\/a><\/p>\n","protected":false},"excerpt":{"rendered":"<p>COS\u2019E\u2019 LA SINCOPE La sincope \u00e8 un sintomo caratterizzato dalla transitoria e completa perdita di coscienza con spontaneo, rapido e completo suo recupero, che di solito causa caduta. In alcune forme vi pu\u00f2 essere una fase prodromica, durante la quale vari sintomi (scotomi, nausea, sudorazione, debolezza, turbe della visione) offrono un avvertimento dell\u2019incombente perdita di [&hellip;]<\/p>\n","protected":false},"author":1,"featured_media":0,"parent":0,"menu_order":38,"comment_status":"closed","ping_status":"closed","template":"","meta":[],"yoast_head":"<!-- This site is optimized with the Yoast SEO plugin v16.8 - https:\/\/yoast.com\/wordpress\/plugins\/seo\/ -->\n<title>Cos&#039;\u00e8 la Sincope | Gruppo Italiano Multidisciplinare SIncope (GIMSI)<\/title>\n<meta name=\"robots\" content=\"index, follow, max-snippet:-1, max-image-preview:large, max-video-preview:-1\" \/>\n<link rel=\"canonical\" href=\"https:\/\/www.gimsi.it\/cosa-e-la-sincope\/\" \/>\n<meta property=\"og:locale\" content=\"en_US\" \/>\n<meta property=\"og:type\" content=\"article\" \/>\n<meta property=\"og:title\" content=\"Cos&#039;\u00e8 la Sincope | Gruppo Italiano Multidisciplinare SIncope (GIMSI)\" \/>\n<meta property=\"og:description\" content=\"COS\u2019E\u2019 LA SINCOPE La sincope \u00e8 un sintomo caratterizzato dalla transitoria e completa perdita di coscienza con spontaneo, rapido e completo suo recupero, che di solito causa caduta. In alcune forme vi pu\u00f2 essere una fase prodromica, durante la quale vari sintomi (scotomi, nausea, sudorazione, debolezza, turbe della visione) offrono un avvertimento dell\u2019incombente perdita di [&hellip;]\" \/>\n<meta property=\"og:url\" content=\"https:\/\/www.gimsi.it\/cosa-e-la-sincope\/\" \/>\n<meta property=\"og:site_name\" content=\"Gruppo Italiano Multidisciplinare SIncope (GIMSI)\" \/>\n<meta name=\"twitter:card\" content=\"summary_large_image\" \/>\n<meta name=\"twitter:label1\" content=\"Est. reading time\" \/>\n\t<meta name=\"twitter:data1\" content=\"1 minute\" \/>\n<script type=\"application\/ld+json\" class=\"yoast-schema-graph\">{\"@context\":\"https:\/\/schema.org\",\"@graph\":[{\"@type\":\"Organization\",\"@id\":\"https:\/\/www.gimsi.it\/#organization\",\"name\":\"Gimsi\",\"url\":\"https:\/\/www.gimsi.it\/\",\"sameAs\":[],\"logo\":{\"@type\":\"ImageObject\",\"@id\":\"https:\/\/www.gimsi.it\/#logo\",\"inLanguage\":\"en-US\",\"url\":\"https:\/\/www.gimsi.it\/wp-content\/uploads\/2017\/11\/banner2.png\",\"contentUrl\":\"https:\/\/www.gimsi.it\/wp-content\/uploads\/2017\/11\/banner2.png\",\"width\":1000,\"height\":150,\"caption\":\"Gimsi\"},\"image\":{\"@id\":\"https:\/\/www.gimsi.it\/#logo\"}},{\"@type\":\"WebSite\",\"@id\":\"https:\/\/www.gimsi.it\/#website\",\"url\":\"https:\/\/www.gimsi.it\/\",\"name\":\"Gruppo Italiano Multidisciplinare SIncope (GIMSI)\",\"description\":\"Gruppo Italiano Multidisciplinare per lo Studio della Sincope\",\"publisher\":{\"@id\":\"https:\/\/www.gimsi.it\/#organization\"},\"potentialAction\":[{\"@type\":\"SearchAction\",\"target\":{\"@type\":\"EntryPoint\",\"urlTemplate\":\"https:\/\/www.gimsi.it\/?s={search_term_string}\"},\"query-input\":\"required name=search_term_string\"}],\"inLanguage\":\"en-US\"},{\"@type\":\"WebPage\",\"@id\":\"https:\/\/www.gimsi.it\/cosa-e-la-sincope\/#webpage\",\"url\":\"https:\/\/www.gimsi.it\/cosa-e-la-sincope\/\",\"name\":\"Cos'\\u00e8 la Sincope | Gruppo Italiano Multidisciplinare SIncope (GIMSI)\",\"isPartOf\":{\"@id\":\"https:\/\/www.gimsi.it\/#website\"},\"datePublished\":\"2006-10-10T22:42:31+00:00\",\"dateModified\":\"2006-10-10T22:42:31+00:00\",\"breadcrumb\":{\"@id\":\"https:\/\/www.gimsi.it\/cosa-e-la-sincope\/#breadcrumb\"},\"inLanguage\":\"en-US\",\"potentialAction\":[{\"@type\":\"ReadAction\",\"target\":[\"https:\/\/www.gimsi.it\/cosa-e-la-sincope\/\"]}]},{\"@type\":\"BreadcrumbList\",\"@id\":\"https:\/\/www.gimsi.it\/cosa-e-la-sincope\/#breadcrumb\",\"itemListElement\":[{\"@type\":\"ListItem\",\"position\":1,\"name\":\"Home\",\"item\":\"https:\/\/www.gimsi.it\/\"},{\"@type\":\"ListItem\",\"position\":2,\"name\":\"Cos&#8217;\\u00e8 la Sincope\"}]}]}<\/script>\n<!-- \/ Yoast SEO plugin. -->","yoast_head_json":{"title":"Cos'\u00e8 la Sincope | Gruppo Italiano Multidisciplinare SIncope (GIMSI)","robots":{"index":"index","follow":"follow","max-snippet":"max-snippet:-1","max-image-preview":"max-image-preview:large","max-video-preview":"max-video-preview:-1"},"canonical":"https:\/\/www.gimsi.it\/cosa-e-la-sincope\/","og_locale":"en_US","og_type":"article","og_title":"Cos'\u00e8 la Sincope | Gruppo Italiano Multidisciplinare SIncope (GIMSI)","og_description":"COS\u2019E\u2019 LA SINCOPE La sincope \u00e8 un sintomo caratterizzato dalla transitoria e completa perdita di coscienza con spontaneo, rapido e completo suo recupero, che di solito causa caduta. In alcune forme vi pu\u00f2 essere una fase prodromica, durante la quale vari sintomi (scotomi, nausea, sudorazione, debolezza, turbe della visione) offrono un avvertimento dell\u2019incombente perdita di [&hellip;]","og_url":"https:\/\/www.gimsi.it\/cosa-e-la-sincope\/","og_site_name":"Gruppo Italiano Multidisciplinare SIncope (GIMSI)","twitter_card":"summary_large_image","twitter_misc":{"Est. reading time":"1 minute"},"schema":{"@context":"https:\/\/schema.org","@graph":[{"@type":"Organization","@id":"https:\/\/www.gimsi.it\/#organization","name":"Gimsi","url":"https:\/\/www.gimsi.it\/","sameAs":[],"logo":{"@type":"ImageObject","@id":"https:\/\/www.gimsi.it\/#logo","inLanguage":"en-US","url":"https:\/\/www.gimsi.it\/wp-content\/uploads\/2017\/11\/banner2.png","contentUrl":"https:\/\/www.gimsi.it\/wp-content\/uploads\/2017\/11\/banner2.png","width":1000,"height":150,"caption":"Gimsi"},"image":{"@id":"https:\/\/www.gimsi.it\/#logo"}},{"@type":"WebSite","@id":"https:\/\/www.gimsi.it\/#website","url":"https:\/\/www.gimsi.it\/","name":"Gruppo Italiano Multidisciplinare SIncope (GIMSI)","description":"Gruppo Italiano Multidisciplinare per lo Studio della Sincope","publisher":{"@id":"https:\/\/www.gimsi.it\/#organization"},"potentialAction":[{"@type":"SearchAction","target":{"@type":"EntryPoint","urlTemplate":"https:\/\/www.gimsi.it\/?s={search_term_string}"},"query-input":"required name=search_term_string"}],"inLanguage":"en-US"},{"@type":"WebPage","@id":"https:\/\/www.gimsi.it\/cosa-e-la-sincope\/#webpage","url":"https:\/\/www.gimsi.it\/cosa-e-la-sincope\/","name":"Cos'\u00e8 la Sincope | Gruppo Italiano Multidisciplinare SIncope (GIMSI)","isPartOf":{"@id":"https:\/\/www.gimsi.it\/#website"},"datePublished":"2006-10-10T22:42:31+00:00","dateModified":"2006-10-10T22:42:31+00:00","breadcrumb":{"@id":"https:\/\/www.gimsi.it\/cosa-e-la-sincope\/#breadcrumb"},"inLanguage":"en-US","potentialAction":[{"@type":"ReadAction","target":["https:\/\/www.gimsi.it\/cosa-e-la-sincope\/"]}]},{"@type":"BreadcrumbList","@id":"https:\/\/www.gimsi.it\/cosa-e-la-sincope\/#breadcrumb","itemListElement":[{"@type":"ListItem","position":1,"name":"Home","item":"https:\/\/www.gimsi.it\/"},{"@type":"ListItem","position":2,"name":"Cos&#8217;\u00e8 la Sincope"}]}]}},"_links":{"self":[{"href":"https:\/\/www.gimsi.it\/en\/wp-json\/wp\/v2\/pages\/115"}],"collection":[{"href":"https:\/\/www.gimsi.it\/en\/wp-json\/wp\/v2\/pages"}],"about":[{"href":"https:\/\/www.gimsi.it\/en\/wp-json\/wp\/v2\/types\/page"}],"author":[{"embeddable":true,"href":"https:\/\/www.gimsi.it\/en\/wp-json\/wp\/v2\/users\/1"}],"replies":[{"embeddable":true,"href":"https:\/\/www.gimsi.it\/en\/wp-json\/wp\/v2\/comments?post=115"}],"version-history":[{"count":0,"href":"https:\/\/www.gimsi.it\/en\/wp-json\/wp\/v2\/pages\/115\/revisions"}],"wp:attachment":[{"href":"https:\/\/www.gimsi.it\/en\/wp-json\/wp\/v2\/media?parent=115"}],"curies":[{"name":"wp","href":"https:\/\/api.w.org\/{rel}","templated":true}]}}