{"id":1044,"date":"2019-01-23T10:36:54","date_gmt":"2019-01-23T09:36:54","guid":{"rendered":"http:\/\/www.gimsi.it\/?page_id=1044"},"modified":"2019-06-03T10:33:07","modified_gmt":"2019-06-03T08:33:07","slug":"news-da-dublino","status":"publish","type":"page","link":"https:\/\/www.gimsi.it\/en\/news-da-dublino\/","title":{"rendered":"News da Dublino"},"content":{"rendered":"<p>Sin dalla sua fondazione, il GIMSI ha privilegiato un approccio non solo multidisciplinare ma anche internazionale allo studio della sincope, promuovendo il confronto con altre realt\u00e0 europee e la collaborazione con esperti di profilo internazionale, in ambito sia clinico sia di ricerca.<\/p>\n<p>In questo contesto, nei primi mesi del 2019 il GIMSI \u00e8 stato ospite della Falls and Syncope Unit del St. James\u2019s Hospital di Dublino, centro di riferimento per la diagnosi e il trattamento di sincope e cadute diretto dalla Prof.ssa Rose Anne Kenny, geriatra e membro della Task Force delle linee guida 2018 della Societ\u00e0 Europea di Cardiologia.<\/p>\n<p>Questa sezione illustra gli elementi pi\u00f9 interessanti e innovativi dell\u2019attivit\u00e0 clinica e di ricerca svolta presso la Falls and Syncope Unit del St. James\u2019s Hospital di Dublino.<\/p>\n<hr \/>\n\n\n<div class=\"su-posts su-posts-default-loop \">\n\n\t\n\t\t\t\t\t\n\t\t\t\n\t\t\t<div id=\"su-post-1314\" class=\"su-post \">\n\n\t\t\t\t\t\t\t\t\t<a class=\"su-post-thumbnail\" href=\"https:\/\/www.gimsi.it\/en\/il-ruolo-dellingegnere-nella-fasu-un-esempio-di-multidisciplinarieta\/\"><img width=\"1548\" height=\"987\" src=\"https:\/\/www.gimsi.it\/wp-content\/uploads\/2019\/01\/Immagine1.png\" class=\"attachment-post-thumbnail size-post-thumbnail wp-post-image\" alt=\"\" decoding=\"async\" loading=\"lazy\" srcset=\"https:\/\/www.gimsi.it\/wp-content\/uploads\/2019\/01\/Immagine1.png 1548w, https:\/\/www.gimsi.it\/wp-content\/uploads\/2019\/01\/Immagine1-300x191.png 300w, https:\/\/www.gimsi.it\/wp-content\/uploads\/2019\/01\/Immagine1-768x490.png 768w, https:\/\/www.gimsi.it\/wp-content\/uploads\/2019\/01\/Immagine1-1024x653.png 1024w\" sizes=\"(max-width: 1548px) 100vw, 1548px\" \/><\/a>\n\t\t\t\t\n\t\t\t\t<h2 class=\"su-post-title\"><a href=\"https:\/\/www.gimsi.it\/en\/il-ruolo-dellingegnere-nella-fasu-un-esempio-di-multidisciplinarieta\/\">Il ruolo dell\u2019ingegnere nella FASU  Un esempio di multidisciplinariet\u00e0<\/a><\/h2>\n\n\t\t\t\t<div class=\"su-post-meta\">\n\t\t\t\t\tPosted: 15 April 2019\t\t\t\t<\/div>\n\n\t\t\t\t<div class=\"su-post-excerpt\">\n\t\t\t\t\t<p>Una delle peculiarit\u00e0 della Falls\u2019 and Syncope Unit (FASU) del St. James\u2019s Hospital di Dublino \u00e8 sicuramente la multidisciplinariet\u00e0 e, in modo particolare, la presenza della figura del bioingegnere, che collabora con medici e infermieri nell\u2019attivit\u00e0 sia clinica sia di ricerca. I bioingegneri che collaborano con la FASU fanno parte di un gruppo di professionisti [&hellip;]<\/p>\n\t\t\t\t<\/div>\n\n\t\t\t\t\n\t\t\t<\/div>\n\n\t\t\t\t\t\n\t\t\t\n\t\t\t<div id=\"su-post-1310\" class=\"su-post \">\n\n\t\t\t\t\t\t\t\t\t<a class=\"su-post-thumbnail\" href=\"https:\/\/www.gimsi.it\/en\/il-triage-dei-pazienti-inviati-alla-fasu\/\"><img width=\"761\" height=\"231\" src=\"https:\/\/www.gimsi.it\/wp-content\/uploads\/2019\/04\/Immagine1-1.png\" class=\"attachment-post-thumbnail size-post-thumbnail wp-post-image\" alt=\"\" decoding=\"async\" loading=\"lazy\" srcset=\"https:\/\/www.gimsi.it\/wp-content\/uploads\/2019\/04\/Immagine1-1.png 761w, https:\/\/www.gimsi.it\/wp-content\/uploads\/2019\/04\/Immagine1-1-300x91.png 300w\" sizes=\"(max-width: 761px) 100vw, 761px\" \/><\/a>\n\t\t\t\t\n\t\t\t\t<h2 class=\"su-post-title\"><a href=\"https:\/\/www.gimsi.it\/en\/il-triage-dei-pazienti-inviati-alla-fasu\/\">Il triage dei pazienti inviati alla FASU<\/a><\/h2>\n\n\t\t\t\t<div class=\"su-post-meta\">\n\t\t\t\t\tPosted: 11 April 2019\t\t\t\t<\/div>\n\n\t\t\t\t<div class=\"su-post-excerpt\">\n\t\t\t\t\t<p>Alla Falls &#038; Syncope Unit (FASU) del St. James\u2019s Hospital di Dublino afferiscono ogni anno oltre 5000 pazienti di ogni fascia di et\u00e0, inviati in consulenza durante il ricovero nei diversi reparti dell\u2019ospedale o come pazienti esterni, su indicazione di specialisti o medici di famiglia. Data la necessit\u00e0 di far fronte ad un cos\u00ec elevato [&hellip;]<\/p>\n\t\t\t\t<\/div>\n\n\t\t\t\t\n\t\t\t<\/div>\n\n\t\t\t\t\t\n\t\t\t\n\t\t\t<div id=\"su-post-1301\" class=\"su-post \">\n\n\t\t\t\t\t\t\t\t\t<a class=\"su-post-thumbnail\" href=\"https:\/\/www.gimsi.it\/en\/il-paziente-con-sincope-alla-guida-le-medical-fitness-to-driving-guidelines\/\"><img width=\"738\" height=\"607\" src=\"https:\/\/www.gimsi.it\/wp-content\/uploads\/2019\/04\/Immagine1.png\" class=\"attachment-post-thumbnail size-post-thumbnail wp-post-image\" alt=\"\" decoding=\"async\" loading=\"lazy\" srcset=\"https:\/\/www.gimsi.it\/wp-content\/uploads\/2019\/04\/Immagine1.png 738w, https:\/\/www.gimsi.it\/wp-content\/uploads\/2019\/04\/Immagine1-300x247.png 300w\" sizes=\"(max-width: 738px) 100vw, 738px\" \/><\/a>\n\t\t\t\t\n\t\t\t\t<h2 class=\"su-post-title\"><a href=\"https:\/\/www.gimsi.it\/en\/il-paziente-con-sincope-alla-guida-le-medical-fitness-to-driving-guidelines\/\">Il paziente con sincope alla guida Le Medical Fitness to Driving Guidelines<\/a><\/h2>\n\n\t\t\t\t<div class=\"su-post-meta\">\n\t\t\t\t\tPosted: 5 April 2019\t\t\t\t<\/div>\n\n\t\t\t\t<div class=\"su-post-excerpt\">\n\t\t\t\t\t<p>Valutare l\u2019idoneit\u00e0 alla guida nel paziente con sincope non \u00e8 sempre facile, soprattutto quando si tratta di pazienti giovani e\/o professionisti che guidano per motivi di lavoro. La legislazione al riguardo \u00e8 molto varia nei diversi paesi europei e spesso mancano indicazioni chiare e dettagliate sulle tempistiche di astensione e di riammissione alla guida. A [&hellip;]<\/p>\n\t\t\t\t<\/div>\n\n\t\t\t\t\n\t\t\t<\/div>\n\n\t\t\t\t\t\n\t\t\t\n\t\t\t<div id=\"su-post-1293\" class=\"su-post \">\n\n\t\t\t\t\t\t\t\t\t<a class=\"su-post-thumbnail\" href=\"https:\/\/www.gimsi.it\/en\/al-st-jamess-hospital-di-dublino-la-syncope-unit-arriva-in-pronto-soccorso-un-nuovo-progetto-per-la-gestione-di-sincopi-e-cadute-in-pronto-soccorso\/\"><img width=\"265\" height=\"268\" src=\"https:\/\/www.gimsi.it\/wp-content\/uploads\/2019\/03\/Immagine1-3.png\" class=\"attachment-post-thumbnail size-post-thumbnail wp-post-image\" alt=\"\" decoding=\"async\" loading=\"lazy\" srcset=\"https:\/\/www.gimsi.it\/wp-content\/uploads\/2019\/03\/Immagine1-3.png 265w, https:\/\/www.gimsi.it\/wp-content\/uploads\/2019\/03\/Immagine1-3-60x60.png 60w\" sizes=\"(max-width: 265px) 100vw, 265px\" \/><\/a>\n\t\t\t\t\n\t\t\t\t<h2 class=\"su-post-title\"><a href=\"https:\/\/www.gimsi.it\/en\/al-st-jamess-hospital-di-dublino-la-syncope-unit-arriva-in-pronto-soccorso-un-nuovo-progetto-per-la-gestione-di-sincopi-e-cadute-in-pronto-soccorso\/\">Al St. James\u2019s Hospital di Dublino la Syncope Unit arriva in Pronto Soccorso! Un nuovo progetto per la gestione di sincopi e cadute in Pronto Soccorso<\/a><\/h2>\n\n\t\t\t\t<div class=\"su-post-meta\">\n\t\t\t\t\tPosted: 26 March 2019\t\t\t\t<\/div>\n\n\t\t\t\t<div class=\"su-post-excerpt\">\n\t\t\t\t\t<p>Sincopi e cadute sono tra le pi\u00f9 frequenti cause di accesso al Pronto Soccorso, soprattutto nel paziente anziano, e non \u00e8 raro che i due eventi siano tra loro correlati. In particolare, accade spesso che il paziente con sincope abbia anche una storia di cadute o che dietro a queste si nasconda in realt\u00e0 una [&hellip;]<\/p>\n\t\t\t\t<\/div>\n\n\t\t\t\t\n\t\t\t<\/div>\n\n\t\t\t\t\t\n\t\t\t\n\t\t\t<div id=\"su-post-1288\" class=\"su-post \">\n\n\t\t\t\t\t\t\t\t\t<a class=\"su-post-thumbnail\" href=\"https:\/\/www.gimsi.it\/en\/la-diagnosi-di-pseudosincope-psicogena-nella-fasu-un-caso-clinico\/\"><img width=\"465\" height=\"345\" src=\"https:\/\/www.gimsi.it\/wp-content\/uploads\/2019\/03\/Cattura-2.png\" class=\"attachment-post-thumbnail size-post-thumbnail wp-post-image\" alt=\"\" decoding=\"async\" loading=\"lazy\" srcset=\"https:\/\/www.gimsi.it\/wp-content\/uploads\/2019\/03\/Cattura-2.png 465w, https:\/\/www.gimsi.it\/wp-content\/uploads\/2019\/03\/Cattura-2-300x223.png 300w\" sizes=\"(max-width: 465px) 100vw, 465px\" \/><\/a>\n\t\t\t\t\n\t\t\t\t<h2 class=\"su-post-title\"><a href=\"https:\/\/www.gimsi.it\/en\/la-diagnosi-di-pseudosincope-psicogena-nella-fasu-un-caso-clinico\/\">La diagnosi di pseudosincope psicogena nella FASU: un caso clinico<\/a><\/h2>\n\n\t\t\t\t<div class=\"su-post-meta\">\n\t\t\t\t\tPosted: 22 March 2019\t\t\t\t<\/div>\n\n\t\t\t\t<div class=\"su-post-excerpt\">\n\t\t\t\t\t<p>A. \u00e8 una ragazza di 16 anni inviata presso la Falls and Syncope Unit (FASU) dallo specialista neurologo a cui si \u00e8 rivolta in seguito a ripetuti episodi di perdita di coscienza. Il primo di questi risale al 2017 e si \u00e8 verificato durante una sindrome influenzale, pochi secondi dopo l\u2019assunzione dell\u2019ortostatismo. Da allora A. [&hellip;]<\/p>\n\t\t\t\t<\/div>\n\n\t\t\t\t\n\t\t\t<\/div>\n\n\t\t\t\t\t\n\t\t\t\n\t\t\t<div id=\"su-post-1279\" class=\"su-post \">\n\n\t\t\t\t\t\t\t\t\t<a class=\"su-post-thumbnail\" href=\"https:\/\/www.gimsi.it\/en\/lactive-stand-test-con-monitoraggio-pressorio-battito-battito-cosa-aggiunge-alla-pratica-clinica-variazioni-eta-correlate-della-risposta-pressoria-allortostatismo\/\"><img width=\"1056\" height=\"697\" src=\"https:\/\/www.gimsi.it\/wp-content\/uploads\/2019\/03\/Immagine2-1.png\" class=\"attachment-post-thumbnail size-post-thumbnail wp-post-image\" alt=\"\" decoding=\"async\" loading=\"lazy\" srcset=\"https:\/\/www.gimsi.it\/wp-content\/uploads\/2019\/03\/Immagine2-1.png 1056w, https:\/\/www.gimsi.it\/wp-content\/uploads\/2019\/03\/Immagine2-1-300x198.png 300w, https:\/\/www.gimsi.it\/wp-content\/uploads\/2019\/03\/Immagine2-1-768x507.png 768w, https:\/\/www.gimsi.it\/wp-content\/uploads\/2019\/03\/Immagine2-1-1024x676.png 1024w\" sizes=\"(max-width: 1056px) 100vw, 1056px\" \/><\/a>\n\t\t\t\t\n\t\t\t\t<h2 class=\"su-post-title\"><a href=\"https:\/\/www.gimsi.it\/en\/lactive-stand-test-con-monitoraggio-pressorio-battito-battito-cosa-aggiunge-alla-pratica-clinica-variazioni-eta-correlate-della-risposta-pressoria-allortostatismo\/\">L\u2019Active Stand Test con monitoraggio pressorio battito-battito \u2026 cosa aggiunge alla pratica clinica? Variazioni et\u00e0-correlate della risposta pressoria all\u2019ortostatismo<\/a><\/h2>\n\n\t\t\t\t<div class=\"su-post-meta\">\n\t\t\t\t\tPosted: 15 March 2019\t\t\t\t<\/div>\n\n\t\t\t\t<div class=\"su-post-excerpt\">\n\t\t\t\t\t<p>Nella Falls and Syncope Unit (FASU) del St. James\u2019s Hospital di Dublino, tutti i pazienti valutati in prima visita vengono sottoposti al test di ortostatismo attivo (Active Stand Test) con monitoraggio pressorio continuo battito-battito (Figura). Rispetto alla tradizionale misura manuale della pressione arteriosa (PA), il monitoraggio battito-battito consente infatti un\u2019analisi pi\u00f9 accurata della risposta pressoria [&hellip;]<\/p>\n\t\t\t\t<\/div>\n\n\t\t\t\t\n\t\t\t<\/div>\n\n\t\t\t\t\t\n\t\t\t\n\t\t\t<div id=\"su-post-1265\" class=\"su-post \">\n\n\t\t\t\t\t\t\t\t\t<a class=\"su-post-thumbnail\" href=\"https:\/\/www.gimsi.it\/en\/le-syncope-nurse-specialists-nella-fasu\/\"><img width=\"1250\" height=\"554\" src=\"https:\/\/www.gimsi.it\/wp-content\/uploads\/2019\/03\/Immagine1.png\" class=\"attachment-post-thumbnail size-post-thumbnail wp-post-image\" alt=\"\" decoding=\"async\" loading=\"lazy\" srcset=\"https:\/\/www.gimsi.it\/wp-content\/uploads\/2019\/03\/Immagine1.png 1250w, https:\/\/www.gimsi.it\/wp-content\/uploads\/2019\/03\/Immagine1-300x133.png 300w, https:\/\/www.gimsi.it\/wp-content\/uploads\/2019\/03\/Immagine1-768x340.png 768w, https:\/\/www.gimsi.it\/wp-content\/uploads\/2019\/03\/Immagine1-1024x454.png 1024w\" sizes=\"(max-width: 1250px) 100vw, 1250px\" \/><\/a>\n\t\t\t\t\n\t\t\t\t<h2 class=\"su-post-title\"><a href=\"https:\/\/www.gimsi.it\/en\/le-syncope-nurse-specialists-nella-fasu\/\">Le Syncope Nurse Specialists nella FASU<\/a><\/h2>\n\n\t\t\t\t<div class=\"su-post-meta\">\n\t\t\t\t\tPosted: 7 March 2019\t\t\t\t<\/div>\n\n\t\t\t\t<div class=\"su-post-excerpt\">\n\t\t\t\t\t<p>Una delle figure principali nel team della Falls and Syncope Unit (FASU) del St. James\u2019s Hospital di Dublino \u00e8 sicuramente quella della Syncope Nurse Specialist. Le \u201cSyncope Nurse Specialists\u201d sono infermiere che hanno ricevuto una formazione specifica in ambito cardiologico e relativamente alla gestione di sincopi e cadute ed hanno un ruolo centrale nel percorso [&hellip;]<\/p>\n\t\t\t\t<\/div>\n\n\t\t\t\t\n\t\t\t<\/div>\n\n\t\t\t\t\t\n\t\t\t\n\t\t\t<div id=\"su-post-1245\" class=\"su-post \">\n\n\t\t\t\t\t\t\t\t\t<a class=\"su-post-thumbnail\" href=\"https:\/\/www.gimsi.it\/en\/la-gestione-della-dizziness-nella-fasu-le-manovre-vestibolari\/\"><img width=\"341\" height=\"522\" src=\"https:\/\/www.gimsi.it\/wp-content\/uploads\/2019\/03\/Immagine1.jpg\" class=\"attachment-post-thumbnail size-post-thumbnail wp-post-image\" alt=\"\" decoding=\"async\" loading=\"lazy\" srcset=\"https:\/\/www.gimsi.it\/wp-content\/uploads\/2019\/03\/Immagine1.jpg 341w, https:\/\/www.gimsi.it\/wp-content\/uploads\/2019\/03\/Immagine1-196x300.jpg 196w\" sizes=\"(max-width: 341px) 100vw, 341px\" \/><\/a>\n\t\t\t\t\n\t\t\t\t<h2 class=\"su-post-title\"><a href=\"https:\/\/www.gimsi.it\/en\/la-gestione-della-dizziness-nella-fasu-le-manovre-vestibolari\/\">La gestione della \u201cdizziness\u201d nella FASU: le manovre vestibolari<\/a><\/h2>\n\n\t\t\t\t<div class=\"su-post-meta\">\n\t\t\t\t\tPosted: 1 March 2019\t\t\t\t<\/div>\n\n\t\t\t\t<div class=\"su-post-excerpt\">\n\t\t\t\t\t<p>Le vertigini e i sintomi dello spettro \u201cdizziness\u201d (capogiri, sensazione di \u201ctesta leggera\u201d o instabilit\u00e0) sono sicuramente tra le cause pi\u00f9 frequenti di accesso alla Falls &#038; Syncope Unit (FASU) del St. James\u2019s Hospital di Dublino. In questi casi, come in tutti i pazienti valutati presso la FASU, l\u2019inquadramento diagnostico comincia con il test di [&hellip;]<\/p>\n\t\t\t\t<\/div>\n\n\t\t\t\t\n\t\t\t<\/div>\n\n\t\t\t\t\t\n\t\t\t\n\t\t\t<div id=\"su-post-1242\" class=\"su-post \">\n\n\t\t\t\t\t\t\t\t\t<a class=\"su-post-thumbnail\" href=\"https:\/\/www.gimsi.it\/en\/falls-frailty-polypharmacy-and-sarcopenia-conference-iii-le-cadute\/\"><img width=\"1047\" height=\"605\" src=\"https:\/\/www.gimsi.it\/wp-content\/uploads\/2019\/02\/1-1.png\" class=\"attachment-post-thumbnail size-post-thumbnail wp-post-image\" alt=\"\" decoding=\"async\" loading=\"lazy\" srcset=\"https:\/\/www.gimsi.it\/wp-content\/uploads\/2019\/02\/1-1.png 1047w, https:\/\/www.gimsi.it\/wp-content\/uploads\/2019\/02\/1-1-300x173.png 300w, https:\/\/www.gimsi.it\/wp-content\/uploads\/2019\/02\/1-1-768x444.png 768w, https:\/\/www.gimsi.it\/wp-content\/uploads\/2019\/02\/1-1-1024x592.png 1024w\" sizes=\"(max-width: 1047px) 100vw, 1047px\" \/><\/a>\n\t\t\t\t\n\t\t\t\t<h2 class=\"su-post-title\"><a href=\"https:\/\/www.gimsi.it\/en\/falls-frailty-polypharmacy-and-sarcopenia-conference-iii-le-cadute\/\">Falls, Frailty, Polypharmacy and Sarcopenia Conference (III) &#8211; Le cadute<\/a><\/h2>\n\n\t\t\t\t<div class=\"su-post-meta\">\n\t\t\t\t\tPosted: 25 February 2019\t\t\t\t<\/div>\n\n\t\t\t\t<div class=\"su-post-excerpt\">\n\t\t\t\t\t<p>Durante la \u201cFalls, Frailty, Polypharmacy and Sarcopenia Conference\u201d tenutasi a Dublino il 1 febbraio, un\u2019intera sessione \u00e8 stata dedicata alle cadute, tema strettamente correlato ai precedenti interventi su fragilit\u00e0 e sarcopenia. La sessione si \u00e8 aperta con una relazione della Prof.ssa Kenny incentrata sulla stretta correlazione tra sincope e cadute, troppo spesso trascurata e non [&hellip;]<\/p>\n\t\t\t\t<\/div>\n\n\t\t\t\t\n\t\t\t<\/div>\n\n\t\t\t\t\t\n\t\t\t\n\t\t\t<div id=\"su-post-1208\" class=\"su-post \">\n\n\t\t\t\t\t\t\t\t\t<a class=\"su-post-thumbnail\" href=\"https:\/\/www.gimsi.it\/en\/la-valutazione-del-sistema-nervoso-autonomo-presso-la-fasu\/\"><img width=\"964\" height=\"293\" src=\"https:\/\/www.gimsi.it\/wp-content\/uploads\/2019\/01\/Immagine7.jpg\" class=\"attachment-post-thumbnail size-post-thumbnail wp-post-image\" alt=\"\" decoding=\"async\" loading=\"lazy\" srcset=\"https:\/\/www.gimsi.it\/wp-content\/uploads\/2019\/01\/Immagine7.jpg 964w, https:\/\/www.gimsi.it\/wp-content\/uploads\/2019\/01\/Immagine7-300x91.jpg 300w, https:\/\/www.gimsi.it\/wp-content\/uploads\/2019\/01\/Immagine7-768x233.jpg 768w\" sizes=\"(max-width: 964px) 100vw, 964px\" \/><\/a>\n\t\t\t\t\n\t\t\t\t<h2 class=\"su-post-title\"><a href=\"https:\/\/www.gimsi.it\/en\/la-valutazione-del-sistema-nervoso-autonomo-presso-la-fasu\/\">La valutazione del sistema nervoso autonomo presso la FASU<\/a><\/h2>\n\n\t\t\t\t<div class=\"su-post-meta\">\n\t\t\t\t\tPosted: 19 February 2019\t\t\t\t<\/div>\n\n\t\t\t\t<div class=\"su-post-excerpt\">\n\t\t\t\t\t<p>Tra gli esami di approfondimento che possono essere svolti presso la Falls and Syncope Unit (FASU) del St. James\u2019s Hospital di Dublino rientrano anche i test per la valutazione del sistema nervoso autonomo, indicati nei pazienti con sospetta disautonomia. La batteria di test svolta presso la FASU include: Deep Breathing Test (in posizione supina) Active [&hellip;]<\/p>\n\t\t\t\t<\/div>\n\n\t\t\t\t\n\t\t\t<\/div>\n\n\t\t\n\t\n<\/div>\n\n","protected":false},"excerpt":{"rendered":"<p>Sin dalla sua fondazione, il GIMSI ha privilegiato un approccio non solo multidisciplinare ma anche internazionale allo studio della sincope, promuovendo il confronto con altre realt\u00e0 europee e la collaborazione con esperti di profilo internazionale, in ambito sia clinico sia di ricerca. In questo contesto, nei primi mesi del 2019 il GIMSI \u00e8 stato ospite [&hellip;]<\/p>\n","protected":false},"author":1,"featured_media":0,"parent":0,"menu_order":0,"comment_status":"closed","ping_status":"closed","template":"","meta":[],"yoast_head":"<!-- This site is optimized with the Yoast SEO plugin v16.8 - https:\/\/yoast.com\/wordpress\/plugins\/seo\/ -->\n<title>News da Dublino | Gruppo Italiano Multidisciplinare SIncope (GIMSI)<\/title>\n<meta name=\"robots\" content=\"index, follow, max-snippet:-1, max-image-preview:large, max-video-preview:-1\" \/>\n<link rel=\"canonical\" href=\"https:\/\/www.gimsi.it\/en\/news-da-dublino\/\" \/>\n<meta property=\"og:locale\" content=\"en_US\" \/>\n<meta property=\"og:type\" content=\"article\" \/>\n<meta property=\"og:title\" content=\"News da Dublino\" \/>\n<meta property=\"og:description\" content=\"Sin dalla sua fondazione, il GIMSI ha privilegiato un approccio non solo multidisciplinare ma anche internazionale allo studio della sincope, promuovendo il confronto con altre realt\u00e0 europee e la collaborazione con esperti di profilo internazionale, in ambito sia clinico sia di ricerca. In questo contesto, nei primi mesi del 2019 il GIMSI \u00e8 stato ospite [&hellip;]\" \/>\n<meta property=\"og:url\" content=\"https:\/\/www.gimsi.it\/en\/news-da-dublino\/\" \/>\n<meta property=\"og:site_name\" content=\"Gruppo Italiano Multidisciplinare SIncope (GIMSI)\" \/>\n<meta property=\"article:modified_time\" content=\"2019-06-03T08:33:07+00:00\" \/>\n<meta name=\"twitter:card\" content=\"summary_large_image\" \/>\n<meta name=\"twitter:label1\" content=\"Est. reading time\" \/>\n\t<meta name=\"twitter:data1\" content=\"1 minute\" \/>\n<script type=\"application\/ld+json\" class=\"yoast-schema-graph\">{\"@context\":\"https:\/\/schema.org\",\"@graph\":[{\"@type\":\"Organization\",\"@id\":\"https:\/\/www.gimsi.it\/#organization\",\"name\":\"Gimsi\",\"url\":\"https:\/\/www.gimsi.it\/\",\"sameAs\":[],\"logo\":{\"@type\":\"ImageObject\",\"@id\":\"https:\/\/www.gimsi.it\/#logo\",\"inLanguage\":\"en-US\",\"url\":\"https:\/\/www.gimsi.it\/wp-content\/uploads\/2017\/11\/banner2.png\",\"contentUrl\":\"https:\/\/www.gimsi.it\/wp-content\/uploads\/2017\/11\/banner2.png\",\"width\":1000,\"height\":150,\"caption\":\"Gimsi\"},\"image\":{\"@id\":\"https:\/\/www.gimsi.it\/#logo\"}},{\"@type\":\"WebSite\",\"@id\":\"https:\/\/www.gimsi.it\/#website\",\"url\":\"https:\/\/www.gimsi.it\/\",\"name\":\"Gruppo Italiano Multidisciplinare SIncope (GIMSI)\",\"description\":\"Gruppo Italiano Multidisciplinare per lo Studio della Sincope\",\"publisher\":{\"@id\":\"https:\/\/www.gimsi.it\/#organization\"},\"potentialAction\":[{\"@type\":\"SearchAction\",\"target\":{\"@type\":\"EntryPoint\",\"urlTemplate\":\"https:\/\/www.gimsi.it\/?s={search_term_string}\"},\"query-input\":\"required name=search_term_string\"}],\"inLanguage\":\"en-US\"},{\"@type\":\"WebPage\",\"@id\":\"https:\/\/www.gimsi.it\/en\/news-da-dublino\/#webpage\",\"url\":\"https:\/\/www.gimsi.it\/en\/news-da-dublino\/\",\"name\":\"[:it]News da Dublino[:] | Gruppo Italiano Multidisciplinare SIncope (GIMSI)\",\"isPartOf\":{\"@id\":\"https:\/\/www.gimsi.it\/#website\"},\"datePublished\":\"2019-01-23T09:36:54+00:00\",\"dateModified\":\"2019-06-03T08:33:07+00:00\",\"breadcrumb\":{\"@id\":\"https:\/\/www.gimsi.it\/en\/news-da-dublino\/#breadcrumb\"},\"inLanguage\":\"en-US\",\"potentialAction\":[{\"@type\":\"ReadAction\",\"target\":[\"https:\/\/www.gimsi.it\/en\/news-da-dublino\/\"]}]},{\"@type\":\"BreadcrumbList\",\"@id\":\"https:\/\/www.gimsi.it\/en\/news-da-dublino\/#breadcrumb\",\"itemListElement\":[{\"@type\":\"ListItem\",\"position\":1,\"name\":\"Home\",\"item\":\"https:\/\/www.gimsi.it\/\"},{\"@type\":\"ListItem\",\"position\":2,\"name\":\"News da Dublino\"}]}]}<\/script>\n<!-- \/ Yoast SEO plugin. -->","yoast_head_json":{"title":"News da Dublino | Gruppo Italiano Multidisciplinare SIncope (GIMSI)","robots":{"index":"index","follow":"follow","max-snippet":"max-snippet:-1","max-image-preview":"max-image-preview:large","max-video-preview":"max-video-preview:-1"},"canonical":"https:\/\/www.gimsi.it\/en\/news-da-dublino\/","og_locale":"en_US","og_type":"article","og_title":"[:it]News da Dublino[:] | Gruppo Italiano Multidisciplinare SIncope (GIMSI)","og_description":"Sin dalla sua fondazione, il GIMSI ha privilegiato un approccio non solo multidisciplinare ma anche internazionale allo studio della sincope, promuovendo il confronto con altre realt\u00e0 europee e la collaborazione con esperti di profilo internazionale, in ambito sia clinico sia di ricerca. In questo contesto, nei primi mesi del 2019 il GIMSI \u00e8 stato ospite [&hellip;]","og_url":"https:\/\/www.gimsi.it\/en\/news-da-dublino\/","og_site_name":"Gruppo Italiano Multidisciplinare SIncope (GIMSI)","article_modified_time":"2019-06-03T08:33:07+00:00","twitter_card":"summary_large_image","twitter_misc":{"Est. reading time":"1 minute"},"schema":{"@context":"https:\/\/schema.org","@graph":[{"@type":"Organization","@id":"https:\/\/www.gimsi.it\/#organization","name":"Gimsi","url":"https:\/\/www.gimsi.it\/","sameAs":[],"logo":{"@type":"ImageObject","@id":"https:\/\/www.gimsi.it\/#logo","inLanguage":"en-US","url":"https:\/\/www.gimsi.it\/wp-content\/uploads\/2017\/11\/banner2.png","contentUrl":"https:\/\/www.gimsi.it\/wp-content\/uploads\/2017\/11\/banner2.png","width":1000,"height":150,"caption":"Gimsi"},"image":{"@id":"https:\/\/www.gimsi.it\/#logo"}},{"@type":"WebSite","@id":"https:\/\/www.gimsi.it\/#website","url":"https:\/\/www.gimsi.it\/","name":"Gruppo Italiano Multidisciplinare SIncope (GIMSI)","description":"Gruppo Italiano Multidisciplinare per lo Studio della Sincope","publisher":{"@id":"https:\/\/www.gimsi.it\/#organization"},"potentialAction":[{"@type":"SearchAction","target":{"@type":"EntryPoint","urlTemplate":"https:\/\/www.gimsi.it\/?s={search_term_string}"},"query-input":"required name=search_term_string"}],"inLanguage":"en-US"},{"@type":"WebPage","@id":"https:\/\/www.gimsi.it\/en\/news-da-dublino\/#webpage","url":"https:\/\/www.gimsi.it\/en\/news-da-dublino\/","name":"[:it]News da Dublino[:] | Gruppo Italiano Multidisciplinare SIncope (GIMSI)","isPartOf":{"@id":"https:\/\/www.gimsi.it\/#website"},"datePublished":"2019-01-23T09:36:54+00:00","dateModified":"2019-06-03T08:33:07+00:00","breadcrumb":{"@id":"https:\/\/www.gimsi.it\/en\/news-da-dublino\/#breadcrumb"},"inLanguage":"en-US","potentialAction":[{"@type":"ReadAction","target":["https:\/\/www.gimsi.it\/en\/news-da-dublino\/"]}]},{"@type":"BreadcrumbList","@id":"https:\/\/www.gimsi.it\/en\/news-da-dublino\/#breadcrumb","itemListElement":[{"@type":"ListItem","position":1,"name":"Home","item":"https:\/\/www.gimsi.it\/"},{"@type":"ListItem","position":2,"name":"News da Dublino"}]}]}},"_links":{"self":[{"href":"https:\/\/www.gimsi.it\/en\/wp-json\/wp\/v2\/pages\/1044"}],"collection":[{"href":"https:\/\/www.gimsi.it\/en\/wp-json\/wp\/v2\/pages"}],"about":[{"href":"https:\/\/www.gimsi.it\/en\/wp-json\/wp\/v2\/types\/page"}],"author":[{"embeddable":true,"href":"https:\/\/www.gimsi.it\/en\/wp-json\/wp\/v2\/users\/1"}],"replies":[{"embeddable":true,"href":"https:\/\/www.gimsi.it\/en\/wp-json\/wp\/v2\/comments?post=1044"}],"version-history":[{"count":0,"href":"https:\/\/www.gimsi.it\/en\/wp-json\/wp\/v2\/pages\/1044\/revisions"}],"wp:attachment":[{"href":"https:\/\/www.gimsi.it\/en\/wp-json\/wp\/v2\/media?parent=1044"}],"curies":[{"name":"wp","href":"https:\/\/api.w.org\/{rel}","templated":true}]}}